{"id":85,"date":"2021-07-08T06:34:47","date_gmt":"2021-07-08T06:34:47","guid":{"rendered":"https:\/\/cardan.bolvosites.com\/?page_id=85"},"modified":"2026-01-28T23:17:36","modified_gmt":"2026-01-28T22:17:36","slug":"o-nas","status":"publish","type":"page","link":"https:\/\/vanworld-wanicki.pl\/en\/o-nas\/","title":{"rendered":"About us"},"content":{"rendered":"<div data-elementor-type=\"wp-page\" data-elementor-id=\"85\" class=\"elementor elementor-85\" data-elementor-settings=\"{&quot;ha_cmc_init_switcher&quot;:&quot;no&quot;}\">\n\t\t\t\t<div class=\"elementor-element elementor-element-95198e0 e-flex e-con-boxed e-con e-parent\" data-id=\"95198e0\" data-element_type=\"container\" data-settings=\"{&quot;_ha_eqh_enable&quot;:false}\">\n\t\t\t\t\t<div class=\"e-con-inner\">\n\t\t<div class=\"elementor-element elementor-element-27b3a03 e-con-full e-flex e-con e-child\" data-id=\"27b3a03\" data-element_type=\"container\" data-settings=\"{&quot;_ha_eqh_enable&quot;:false}\">\n\t\t\t\t<div class=\"elementor-element elementor-element-19b7500 elementor-widget elementor-widget-heading\" data-id=\"19b7500\" data-element_type=\"widget\" data-widget_type=\"heading.default\">\n\t\t\t\t\t<h1 class=\"elementor-heading-title elementor-size-default\">Enclosures are our speciality<\/h1>\t\t\t\t<\/div>\n\t\t\t\t<div class=\"elementor-element elementor-element-9aea2ca elementor-widget elementor-widget-text-editor\" data-id=\"9aea2ca\" data-element_type=\"widget\" data-widget_type=\"text-editor.default\">\n\t\t\t\t\t\t\t\t\t<p data-path-to-node=\"2\">We are a company with twenty years of experience in the sale and professional modification of delivery vehicles. For 17 years, we have specialized in <b data-path-to-node=\"2\" data-index-in-node=\"154\">bodywork for vehicles up to 3.5 tons<\/b>, including popular brigade solutions, created with the utmost attention to detail.<\/p><p data-path-to-node=\"3\">We offer comprehensive services: from the sale of ready-made vehicles available \u201coff the shelf\u201d to the implementation of individual projects on vehicles entrusted to us or selected from our offer. We will tailor each bodywork to <b data-path-to-node=\"3\" data-index-in-node=\"204\">Your specific business needs<\/b>.<\/p>\t\t\t\t\t\t\t\t<\/div>\n\t\t\t\t<\/div>\n\t\t<div class=\"elementor-element elementor-element-72eae95 e-con-full e-flex e-con e-child\" data-id=\"72eae95\" data-element_type=\"container\" data-settings=\"{&quot;_ha_eqh_enable&quot;:false}\">\n\t\t\t\t<div class=\"elementor-element elementor-element-de0640c elementor-widget elementor-widget-image\" data-id=\"de0640c\" data-element_type=\"widget\" data-widget_type=\"image.default\">\n\t\t\t\t\t\t\t\t\t\t\t\t\t\t\t<img fetchpriority=\"high\" decoding=\"async\" width=\"640\" height=\"480\" src=\"https:\/\/vanworld-wanicki.pl\/wp-content\/uploads\/2026\/01\/IMG_7855.jpg\" class=\"attachment-large size-large wp-image-3156\" alt=\"\" srcset=\"https:\/\/vanworld-wanicki.pl\/wp-content\/uploads\/2026\/01\/IMG_7855.jpg 640w, https:\/\/vanworld-wanicki.pl\/wp-content\/uploads\/2026\/01\/IMG_7855-300x225.jpg 300w, https:\/\/vanworld-wanicki.pl\/wp-content\/uploads\/2026\/01\/IMG_7855-16x12.jpg 16w\" sizes=\"(max-width: 640px) 100vw, 640px\" \/>\t\t\t\t\t\t\t\t\t\t\t\t\t\t\t<\/div>\n\t\t\t\t<\/div>\n\t\t\t\t\t<\/div>\n\t\t\t\t<\/div>\n\t\t<div class=\"elementor-element elementor-element-e88311f e-flex e-con-boxed e-con e-parent\" data-id=\"e88311f\" data-element_type=\"container\" id=\"homologoation-box\" data-settings=\"{&quot;background_background&quot;:&quot;classic&quot;,&quot;_ha_eqh_enable&quot;:false}\">\n\t\t\t\t\t<div class=\"e-con-inner\">\n\t\t\t\t<div class=\"elementor-element elementor-element-56bc250 elementor-widget__width-initial elementor-widget elementor-widget-heading\" data-id=\"56bc250\" data-element_type=\"widget\" data-widget_type=\"heading.default\">\n\t\t\t\t\t<h2 class=\"elementor-heading-title elementor-size-default\">WE HAVE APPROVALS <span class=\"homologation-color\">\u201eWANICKI\u201d<\/span> FOR ALL FAMILIES OF VANS!<\/h2>\t\t\t\t<\/div>\n\t\t\t\t\t<\/div>\n\t\t\t\t<\/div>\n\t\t<div class=\"elementor-element elementor-element-f644925 e-flex e-con-boxed e-con e-parent\" data-id=\"f644925\" data-element_type=\"container\" data-settings=\"{&quot;_ha_eqh_enable&quot;:false}\">\n\t\t\t\t\t<div class=\"e-con-inner\">\n\t\t<div class=\"elementor-element elementor-element-79ab721 e-con-full about-us-image e-flex e-con e-child\" data-id=\"79ab721\" data-element_type=\"container\" data-settings=\"{&quot;_ha_eqh_enable&quot;:false}\">\n\t\t\t\t<div class=\"elementor-element elementor-element-bd8d07e elementor-widget elementor-widget-image\" data-id=\"bd8d07e\" data-element_type=\"widget\" data-widget_type=\"image.default\">\n\t\t\t\t\t\t\t\t\t\t\t\t\t\t\t<img decoding=\"async\" width=\"1024\" height=\"768\" src=\"https:\/\/vanworld-wanicki.pl\/wp-content\/uploads\/2026\/01\/zabudowy_1-1024x768.webp\" class=\"attachment-large size-large wp-image-3134\" alt=\"\" srcset=\"https:\/\/vanworld-wanicki.pl\/wp-content\/uploads\/2026\/01\/zabudowy_1-1024x768.webp 1024w, https:\/\/vanworld-wanicki.pl\/wp-content\/uploads\/2026\/01\/zabudowy_1-300x225.webp 300w, https:\/\/vanworld-wanicki.pl\/wp-content\/uploads\/2026\/01\/zabudowy_1-768x576.webp 768w, https:\/\/vanworld-wanicki.pl\/wp-content\/uploads\/2026\/01\/zabudowy_1-1536x1152.webp 1536w, https:\/\/vanworld-wanicki.pl\/wp-content\/uploads\/2026\/01\/zabudowy_1-16x12.webp 16w, https:\/\/vanworld-wanicki.pl\/wp-content\/uploads\/2026\/01\/zabudowy_1.webp 2048w\" sizes=\"(max-width: 1024px) 100vw, 1024px\" \/>\t\t\t\t\t\t\t\t\t\t\t\t\t\t\t<\/div>\n\t\t\t\t<\/div>\n\t\t<div class=\"elementor-element elementor-element-805a341 e-con-full about-us-text e-flex e-con e-child\" data-id=\"805a341\" data-element_type=\"container\" data-settings=\"{&quot;_ha_eqh_enable&quot;:false}\">\n\t\t\t\t<div class=\"elementor-element elementor-element-012d0f0 elementor-widget elementor-widget-heading\" data-id=\"012d0f0\" data-element_type=\"widget\" data-widget_type=\"heading.default\">\n\t\t\t\t\t<h1 class=\"elementor-heading-title elementor-size-default\">We have extensive experience\n<\/h1>\t\t\t\t<\/div>\n\t\t\t\t<div class=\"elementor-element elementor-element-ad9d6e5 elementor-widget elementor-widget-text-editor\" data-id=\"ad9d6e5\" data-element_type=\"widget\" data-widget_type=\"text-editor.default\">\n\t\t\t\t\t\t\t\t\t<div id=\"main-content\"><article id=\"post-1453\" class=\"post-1453 page type-page status-publish hentry\"><div class=\"entry-content\"><div class=\"et-l et-l--post\"><div class=\"et_builder_inner_content et_pb_gutters3\"><div class=\"et_pb_section et_pb_section_3 et_section_regular\"><div class=\"et_pb_row et_pb_row_3\"><div class=\"et_pb_column et_pb_column_4_4 et_pb_column_4  et_pb_css_mix_blend_mode_passthrough et-last-child\"><div class=\"et_pb_module et_pb_text et_pb_text_4  et_pb_text_align_center et_pb_bg_layout_light\"><div class=\"et_pb_text_inner\"><p>Thanks to our experience, we can meet your expectations. We can customize a vehicle to the individual needs of the customer. We will help you implement your ideas in accordance with current ITS requirements and full homologation, using only certified materials.<\/p><p>Our specialists guarantee safety and complete professionalism. We work on all types of bodies: vans (metal bodies), containers, box bodies, refrigerated bodies, tarpaulin bodies, frames, roadside assistance vehicles, and others.<\/p><p>We take care of all the formalities required to register your vehicle.<\/p><\/div><\/div><\/div><\/div><\/div><\/div><\/div><\/div><\/article><\/div>\t\t\t\t\t\t\t\t<\/div>\n\t\t\t\t<\/div>\n\t\t\t\t\t<\/div>\n\t\t\t\t<\/div>\n\t\t\t\t<\/div>","protected":false},"excerpt":{"rendered":"<p>Zabudowy to nasza specjalno\u015b\u0107 Jeste\u015bmy firm\u0105 z dwudziestoletnim do\u015bwiadczeniem w sprzeda\u017cy i profesjonalnej modyfikacji pojazd\u00f3w dostawczych. Od 17 lat nasz\u0105 domen\u0105 s\u0105 specjalistyczne zabudowy samochod\u00f3w do 3,5 tony, w tym popularne rozwi\u0105zania brygadowe, tworzone z najwy\u017csz\u0105 dba\u0142o\u015bci\u0105 o detale. Oferujemy kompleksow\u0105 obs\u0142ug\u0119: od sprzeda\u017cy gotowych aut dost\u0119pnych \u201eod r\u0119ki\u201d, po realizacj\u0119 indywidualnych projekt\u00f3w na pojazdach&hellip;<\/p>","protected":false},"author":1,"featured_media":0,"parent":0,"menu_order":0,"comment_status":"closed","ping_status":"closed","template":"page-templates\/full_width.php","meta":{"footnotes":""},"class_list":["post-85","page","type-page","status-publish","hentry"],"yoast_head":"<!-- This site is optimized with the Yoast SEO plugin v26.8 - https:\/\/yoast.com\/product\/yoast-seo-wordpress\/ -->\n<title>O nas - Vanworld Wanicki<\/title>\n<meta name=\"robots\" content=\"index, follow, max-snippet:-1, max-image-preview:large, max-video-preview:-1\" \/>\n<link rel=\"canonical\" href=\"https:\/\/vanworld-wanicki.pl\/en\/o-nas\/\" \/>\n<meta property=\"og:locale\" content=\"en_GB\" \/>\n<meta property=\"og:type\" content=\"article\" \/>\n<meta property=\"og:title\" content=\"O nas - Vanworld Wanicki\" \/>\n<meta property=\"og:description\" content=\"Zabudowy to nasza specjalno\u015b\u0107 Jeste\u015bmy firm\u0105 z dwudziestoletnim do\u015bwiadczeniem w sprzeda\u017cy i profesjonalnej modyfikacji pojazd\u00f3w dostawczych. Od 17 lat nasz\u0105 domen\u0105 s\u0105 specjalistyczne zabudowy samochod\u00f3w do 3,5 tony, w tym popularne rozwi\u0105zania brygadowe, tworzone z najwy\u017csz\u0105 dba\u0142o\u015bci\u0105 o detale. Oferujemy kompleksow\u0105 obs\u0142ug\u0119: od sprzeda\u017cy gotowych aut dost\u0119pnych \u201eod r\u0119ki\u201d, po realizacj\u0119 indywidualnych projekt\u00f3w na pojazdach&hellip;\" \/>\n<meta property=\"og:url\" content=\"https:\/\/vanworld-wanicki.pl\/en\/o-nas\/\" \/>\n<meta property=\"og:site_name\" content=\"Vanworld Wanicki\" \/>\n<meta property=\"article:modified_time\" content=\"2026-01-28T22:17:36+00:00\" \/>\n<meta property=\"og:image\" content=\"https:\/\/vanworld-wanicki.pl\/wp-content\/uploads\/2026\/01\/IMG_7855.jpg\" \/>\n\t<meta property=\"og:image:width\" content=\"640\" \/>\n\t<meta property=\"og:image:height\" content=\"480\" \/>\n\t<meta property=\"og:image:type\" content=\"image\/jpeg\" \/>\n<meta name=\"twitter:card\" content=\"summary_large_image\" \/>\n<meta name=\"twitter:label1\" content=\"Estimated reading time\" \/>\n\t<meta name=\"twitter:data1\" content=\"1 minute\" \/>\n<script type=\"application\/ld+json\" class=\"yoast-schema-graph\">{\"@context\":\"https:\/\/schema.org\",\"@graph\":[{\"@type\":\"WebPage\",\"@id\":\"https:\/\/vanworld-wanicki.pl\/o-nas\/\",\"url\":\"https:\/\/vanworld-wanicki.pl\/o-nas\/\",\"name\":\"O nas - Vanworld Wanicki\",\"isPartOf\":{\"@id\":\"https:\/\/vanworld-wanicki.pl\/#website\"},\"primaryImageOfPage\":{\"@id\":\"https:\/\/vanworld-wanicki.pl\/o-nas\/#primaryimage\"},\"image\":{\"@id\":\"https:\/\/vanworld-wanicki.pl\/o-nas\/#primaryimage\"},\"thumbnailUrl\":\"https:\/\/vanworld-wanicki.pl\/wp-content\/uploads\/2026\/01\/IMG_7855.jpg\",\"datePublished\":\"2021-07-08T06:34:47+00:00\",\"dateModified\":\"2026-01-28T22:17:36+00:00\",\"breadcrumb\":{\"@id\":\"https:\/\/vanworld-wanicki.pl\/o-nas\/#breadcrumb\"},\"inLanguage\":\"en-GB\",\"potentialAction\":[{\"@type\":\"ReadAction\",\"target\":[\"https:\/\/vanworld-wanicki.pl\/o-nas\/\"]}]},{\"@type\":\"ImageObject\",\"inLanguage\":\"en-GB\",\"@id\":\"https:\/\/vanworld-wanicki.pl\/o-nas\/#primaryimage\",\"url\":\"https:\/\/vanworld-wanicki.pl\/wp-content\/uploads\/2026\/01\/IMG_7855.jpg\",\"contentUrl\":\"https:\/\/vanworld-wanicki.pl\/wp-content\/uploads\/2026\/01\/IMG_7855.jpg\"},{\"@type\":\"BreadcrumbList\",\"@id\":\"https:\/\/vanworld-wanicki.pl\/o-nas\/#breadcrumb\",\"itemListElement\":[{\"@type\":\"ListItem\",\"position\":1,\"name\":\"Strona g\u0142\u00f3wna\",\"item\":\"https:\/\/vanworld-wanicki.pl\/\"},{\"@type\":\"ListItem\",\"position\":2,\"name\":\"O nas\"}]},{\"@type\":\"WebSite\",\"@id\":\"https:\/\/vanworld-wanicki.pl\/#website\",\"url\":\"https:\/\/vanworld-wanicki.pl\/\",\"name\":\"Vanworld Wanicki\",\"description\":\"\",\"publisher\":{\"@id\":\"https:\/\/vanworld-wanicki.pl\/#organization\"},\"potentialAction\":[{\"@type\":\"SearchAction\",\"target\":{\"@type\":\"EntryPoint\",\"urlTemplate\":\"https:\/\/vanworld-wanicki.pl\/?s={search_term_string}\"},\"query-input\":{\"@type\":\"PropertyValueSpecification\",\"valueRequired\":true,\"valueName\":\"search_term_string\"}}],\"inLanguage\":\"en-GB\"},{\"@type\":\"Organization\",\"@id\":\"https:\/\/vanworld-wanicki.pl\/#organization\",\"name\":\"Vanworld Wanicki\",\"url\":\"https:\/\/vanworld-wanicki.pl\/\",\"logo\":{\"@type\":\"ImageObject\",\"inLanguage\":\"en-GB\",\"@id\":\"https:\/\/vanworld-wanicki.pl\/#\/schema\/logo\/image\/\",\"url\":\"https:\/\/vanworld-wanicki.pl\/wp-content\/uploads\/2026\/01\/cropped-favicon.png\",\"contentUrl\":\"https:\/\/vanworld-wanicki.pl\/wp-content\/uploads\/2026\/01\/cropped-favicon.png\",\"width\":512,\"height\":512,\"caption\":\"Vanworld Wanicki\"},\"image\":{\"@id\":\"https:\/\/vanworld-wanicki.pl\/#\/schema\/logo\/image\/\"}}]}<\/script>\n<!-- \/ Yoast SEO plugin. -->","yoast_head_json":{"title":"O nas - Vanworld Wanicki","robots":{"index":"index","follow":"follow","max-snippet":"max-snippet:-1","max-image-preview":"max-image-preview:large","max-video-preview":"max-video-preview:-1"},"canonical":"https:\/\/vanworld-wanicki.pl\/en\/o-nas\/","og_locale":"en_GB","og_type":"article","og_title":"O nas - Vanworld Wanicki","og_description":"Zabudowy to nasza specjalno\u015b\u0107 Jeste\u015bmy firm\u0105 z dwudziestoletnim do\u015bwiadczeniem w sprzeda\u017cy i profesjonalnej modyfikacji pojazd\u00f3w dostawczych. Od 17 lat nasz\u0105 domen\u0105 s\u0105 specjalistyczne zabudowy samochod\u00f3w do 3,5 tony, w tym popularne rozwi\u0105zania brygadowe, tworzone z najwy\u017csz\u0105 dba\u0142o\u015bci\u0105 o detale. Oferujemy kompleksow\u0105 obs\u0142ug\u0119: od sprzeda\u017cy gotowych aut dost\u0119pnych \u201eod r\u0119ki\u201d, po realizacj\u0119 indywidualnych projekt\u00f3w na pojazdach&hellip;","og_url":"https:\/\/vanworld-wanicki.pl\/en\/o-nas\/","og_site_name":"Vanworld Wanicki","article_modified_time":"2026-01-28T22:17:36+00:00","og_image":[{"width":640,"height":480,"url":"https:\/\/vanworld-wanicki.pl\/wp-content\/uploads\/2026\/01\/IMG_7855.jpg","type":"image\/jpeg"}],"twitter_card":"summary_large_image","twitter_misc":{"Estimated reading time":"1 minute"},"schema":{"@context":"https:\/\/schema.org","@graph":[{"@type":"WebPage","@id":"https:\/\/vanworld-wanicki.pl\/o-nas\/","url":"https:\/\/vanworld-wanicki.pl\/o-nas\/","name":"O nas - Vanworld Wanicki","isPartOf":{"@id":"https:\/\/vanworld-wanicki.pl\/#website"},"primaryImageOfPage":{"@id":"https:\/\/vanworld-wanicki.pl\/o-nas\/#primaryimage"},"image":{"@id":"https:\/\/vanworld-wanicki.pl\/o-nas\/#primaryimage"},"thumbnailUrl":"https:\/\/vanworld-wanicki.pl\/wp-content\/uploads\/2026\/01\/IMG_7855.jpg","datePublished":"2021-07-08T06:34:47+00:00","dateModified":"2026-01-28T22:17:36+00:00","breadcrumb":{"@id":"https:\/\/vanworld-wanicki.pl\/o-nas\/#breadcrumb"},"inLanguage":"en-GB","potentialAction":[{"@type":"ReadAction","target":["https:\/\/vanworld-wanicki.pl\/o-nas\/"]}]},{"@type":"ImageObject","inLanguage":"en-GB","@id":"https:\/\/vanworld-wanicki.pl\/o-nas\/#primaryimage","url":"https:\/\/vanworld-wanicki.pl\/wp-content\/uploads\/2026\/01\/IMG_7855.jpg","contentUrl":"https:\/\/vanworld-wanicki.pl\/wp-content\/uploads\/2026\/01\/IMG_7855.jpg"},{"@type":"BreadcrumbList","@id":"https:\/\/vanworld-wanicki.pl\/o-nas\/#breadcrumb","itemListElement":[{"@type":"ListItem","position":1,"name":"Strona g\u0142\u00f3wna","item":"https:\/\/vanworld-wanicki.pl\/"},{"@type":"ListItem","position":2,"name":"O nas"}]},{"@type":"WebSite","@id":"https:\/\/vanworld-wanicki.pl\/#website","url":"https:\/\/vanworld-wanicki.pl\/","name":"Vanworld Wanicki","description":"","publisher":{"@id":"https:\/\/vanworld-wanicki.pl\/#organization"},"potentialAction":[{"@type":"SearchAction","target":{"@type":"EntryPoint","urlTemplate":"https:\/\/vanworld-wanicki.pl\/?s={search_term_string}"},"query-input":{"@type":"PropertyValueSpecification","valueRequired":true,"valueName":"search_term_string"}}],"inLanguage":"en-GB"},{"@type":"Organization","@id":"https:\/\/vanworld-wanicki.pl\/#organization","name":"Vanworld Wanicki","url":"https:\/\/vanworld-wanicki.pl\/","logo":{"@type":"ImageObject","inLanguage":"en-GB","@id":"https:\/\/vanworld-wanicki.pl\/#\/schema\/logo\/image\/","url":"https:\/\/vanworld-wanicki.pl\/wp-content\/uploads\/2026\/01\/cropped-favicon.png","contentUrl":"https:\/\/vanworld-wanicki.pl\/wp-content\/uploads\/2026\/01\/cropped-favicon.png","width":512,"height":512,"caption":"Vanworld Wanicki"},"image":{"@id":"https:\/\/vanworld-wanicki.pl\/#\/schema\/logo\/image\/"}}]}},"_links":{"self":[{"href":"https:\/\/vanworld-wanicki.pl\/en\/wp-json\/wp\/v2\/pages\/85","targetHints":{"allow":["GET"]}}],"collection":[{"href":"https:\/\/vanworld-wanicki.pl\/en\/wp-json\/wp\/v2\/pages"}],"about":[{"href":"https:\/\/vanworld-wanicki.pl\/en\/wp-json\/wp\/v2\/types\/page"}],"author":[{"embeddable":true,"href":"https:\/\/vanworld-wanicki.pl\/en\/wp-json\/wp\/v2\/users\/1"}],"replies":[{"embeddable":true,"href":"https:\/\/vanworld-wanicki.pl\/en\/wp-json\/wp\/v2\/comments?post=85"}],"version-history":[{"count":29,"href":"https:\/\/vanworld-wanicki.pl\/en\/wp-json\/wp\/v2\/pages\/85\/revisions"}],"predecessor-version":[{"id":3517,"href":"https:\/\/vanworld-wanicki.pl\/en\/wp-json\/wp\/v2\/pages\/85\/revisions\/3517"}],"wp:attachment":[{"href":"https:\/\/vanworld-wanicki.pl\/en\/wp-json\/wp\/v2\/media?parent=85"}],"curies":[{"name":"wp","href":"https:\/\/api.w.org\/{rel}","templated":true}]}}