{"id":3531,"date":"2026-01-28T23:49:36","date_gmt":"2026-01-28T22:49:36","guid":{"rendered":"https:\/\/vanworld-wanicki.pl\/?page_id=3531"},"modified":"2026-01-28T23:53:17","modified_gmt":"2026-01-28T22:53:17","slug":"historia","status":"publish","type":"page","link":"https:\/\/vanworld-wanicki.pl\/en\/historia\/","title":{"rendered":"History"},"content":{"rendered":"<div data-elementor-type=\"wp-page\" data-elementor-id=\"3531\" class=\"elementor elementor-3531\" data-elementor-settings=\"{&quot;ha_cmc_init_switcher&quot;:&quot;no&quot;}\">\n\t\t\t\t<div class=\"elementor-element elementor-element-95198e0 e-flex e-con-boxed e-con e-parent\" data-id=\"95198e0\" data-element_type=\"container\" data-settings=\"{&quot;_ha_eqh_enable&quot;:false}\">\n\t\t\t\t\t<div class=\"e-con-inner\">\n\t\t<div class=\"elementor-element elementor-element-27b3a03 e-con-full e-flex e-con e-child\" data-id=\"27b3a03\" data-element_type=\"container\" data-settings=\"{&quot;_ha_eqh_enable&quot;:false}\">\n\t\t\t\t<div class=\"elementor-element elementor-element-19b7500 elementor-widget elementor-widget-heading\" data-id=\"19b7500\" data-element_type=\"widget\" data-widget_type=\"heading.default\">\n\t\t\t\t\t<h1 class=\"elementor-heading-title elementor-size-default\">We are on the market\nfor almost 20 years<\/h1>\t\t\t\t<\/div>\n\t\t\t\t<div class=\"elementor-element elementor-element-9aea2ca elementor-widget elementor-widget-text-editor\" data-id=\"9aea2ca\" data-element_type=\"widget\" data-widget_type=\"text-editor.default\">\n\t\t\t\t\t\t\t\t\t<p data-path-to-node=\"2\">We are a company with a long tradition, which has been supplying reliable delivery vehicles for nearly two decades. Thanks to our many years of experience in the industry, we perfectly understand the needs of entrepreneurs, offering solutions that optimize costs while maintaining the highest operational efficiency.<\/p><p data-path-to-node=\"3\">We specialize in specialized conversions for 6, 7, 8, or 9 people, carried out on vehicles with a total weight of up to 3.5 tons. We design functional spaces with a clear division between the passenger and cargo areas, perfectly suited to the requirements of a Class B driver's license.<\/p>\t\t\t\t\t\t\t\t<\/div>\n\t\t\t\t<\/div>\n\t\t<div class=\"elementor-element elementor-element-72eae95 e-con-full e-flex e-con e-child\" data-id=\"72eae95\" data-element_type=\"container\" data-settings=\"{&quot;_ha_eqh_enable&quot;:false}\">\n\t\t\t\t<div class=\"elementor-element elementor-element-de0640c elementor-widget elementor-widget-image\" data-id=\"de0640c\" data-element_type=\"widget\" data-widget_type=\"image.default\">\n\t\t\t\t\t\t\t\t\t\t\t\t\t\t\t<img fetchpriority=\"high\" decoding=\"async\" width=\"1024\" height=\"768\" src=\"https:\/\/vanworld-wanicki.pl\/wp-content\/uploads\/2026\/01\/zabudowa-busa-renault-master.webp\" class=\"attachment-large size-large wp-image-3396\" alt=\"Renault Master \u2013 panel sterowania i ekran multimedialny\" srcset=\"https:\/\/vanworld-wanicki.pl\/wp-content\/uploads\/2026\/01\/zabudowa-busa-renault-master.webp 1024w, https:\/\/vanworld-wanicki.pl\/wp-content\/uploads\/2026\/01\/zabudowa-busa-renault-master-300x225.webp 300w, https:\/\/vanworld-wanicki.pl\/wp-content\/uploads\/2026\/01\/zabudowa-busa-renault-master-768x576.webp 768w, https:\/\/vanworld-wanicki.pl\/wp-content\/uploads\/2026\/01\/zabudowa-busa-renault-master-16x12.webp 16w\" sizes=\"(max-width: 1024px) 100vw, 1024px\" \/>\t\t\t\t\t\t\t\t\t\t\t\t\t\t\t<\/div>\n\t\t\t\t<\/div>\n\t\t\t\t\t<\/div>\n\t\t\t\t<\/div>\n\t\t<div class=\"elementor-element elementor-element-e88311f e-flex e-con-boxed e-con e-parent\" data-id=\"e88311f\" data-element_type=\"container\" id=\"homologoation-box\" data-settings=\"{&quot;background_background&quot;:&quot;classic&quot;,&quot;_ha_eqh_enable&quot;:false}\">\n\t\t\t\t\t<div class=\"e-con-inner\">\n\t\t\t\t<div class=\"elementor-element elementor-element-56bc250 elementor-widget__width-initial elementor-widget elementor-widget-heading\" data-id=\"56bc250\" data-element_type=\"widget\" data-widget_type=\"heading.default\">\n\t\t\t\t\t<h2 class=\"elementor-heading-title elementor-size-default\">Our experience is valued<\/h2>\t\t\t\t<\/div>\n\t\t\t\t<div class=\"elementor-element elementor-element-8824ae0 elementor-widget elementor-widget-text-editor\" data-id=\"8824ae0\" data-element_type=\"widget\" data-widget_type=\"text-editor.default\">\n\t\t\t\t\t\t\t\t\t<p>Our experience is valued by foreign companies from France, Spain, and Germany. We also manufacture bodywork for new and used cars for them. Constant cooperation and regular orders have allowed us to establish ourselves on the European market.<\/p><p>The full commitment of people with passion and enthusiasm for working in this industry has allowed us to expand and improve our workshop, as well as streamline our methods so that we can fully meet and exceed our customers' expectations.<\/p>\t\t\t\t\t\t\t\t<\/div>\n\t\t\t\t\t<\/div>\n\t\t\t\t<\/div>\n\t\t<div class=\"elementor-element elementor-element-f644925 e-flex e-con-boxed e-con e-parent\" data-id=\"f644925\" data-element_type=\"container\" data-settings=\"{&quot;_ha_eqh_enable&quot;:false}\">\n\t\t\t\t\t<div class=\"e-con-inner\">\n\t\t<div class=\"elementor-element elementor-element-79ab721 e-con-full about-us-image e-flex e-con e-child\" data-id=\"79ab721\" data-element_type=\"container\" data-settings=\"{&quot;_ha_eqh_enable&quot;:false}\">\n\t\t\t\t<div class=\"elementor-element elementor-element-bd8d07e elementor-widget elementor-widget-image\" data-id=\"bd8d07e\" data-element_type=\"widget\" data-widget_type=\"image.default\">\n\t\t\t\t\t\t\t\t\t\t\t\t\t\t\t<img decoding=\"async\" width=\"1024\" height=\"768\" src=\"https:\/\/vanworld-wanicki.pl\/wp-content\/uploads\/2026\/01\/Sprinter-VIP-9-osobowy.jpg\" class=\"attachment-large size-large wp-image-3317\" alt=\"Mercedes Sprinter \u2013 wn\u0119trze auta dostawczego z zabezpieczon\u0105 pod\u0142og\u0105 i \u015bcianami\" srcset=\"https:\/\/vanworld-wanicki.pl\/wp-content\/uploads\/2026\/01\/Sprinter-VIP-9-osobowy.jpg 1024w, https:\/\/vanworld-wanicki.pl\/wp-content\/uploads\/2026\/01\/Sprinter-VIP-9-osobowy-300x225.jpg 300w, https:\/\/vanworld-wanicki.pl\/wp-content\/uploads\/2026\/01\/Sprinter-VIP-9-osobowy-768x576.jpg 768w, https:\/\/vanworld-wanicki.pl\/wp-content\/uploads\/2026\/01\/Sprinter-VIP-9-osobowy-16x12.jpg 16w\" sizes=\"(max-width: 1024px) 100vw, 1024px\" \/>\t\t\t\t\t\t\t\t\t\t\t\t\t\t\t<\/div>\n\t\t\t\t<\/div>\n\t\t<div class=\"elementor-element elementor-element-805a341 e-con-full about-us-text e-flex e-con e-child\" data-id=\"805a341\" data-element_type=\"container\" data-settings=\"{&quot;_ha_eqh_enable&quot;:false}\">\n\t\t\t\t<div class=\"elementor-element elementor-element-012d0f0 elementor-widget elementor-widget-heading\" data-id=\"012d0f0\" data-element_type=\"widget\" data-widget_type=\"heading.default\">\n\t\t\t\t\t<h1 class=\"elementor-heading-title elementor-size-default\">Long-term cooperation<\/h1>\t\t\t\t<\/div>\n\t\t\t\t<div class=\"elementor-element elementor-element-ad9d6e5 elementor-widget elementor-widget-text-editor\" data-id=\"ad9d6e5\" data-element_type=\"widget\" data-widget_type=\"text-editor.default\">\n\t\t\t\t\t\t\t\t\t<div id=\"main-content\"><article id=\"post-1453\" class=\"post-1453 page type-page status-publish hentry\"><div class=\"entry-content\"><div class=\"et-l et-l--post\"><div class=\"et_builder_inner_content et_pb_gutters3\"><div class=\"et_pb_section et_pb_section_3 et_section_regular\"><div class=\"et_pb_row et_pb_row_3\"><div class=\"et_pb_column et_pb_column_4_4 et_pb_column_4 et_pb_css_mix_blend_mode_passthrough et-last-child\"><div class=\"et_pb_module et_pb_text et_pb_text_4 et_pb_text_align_center et_pb_bg_layout_light\"><div class=\"et_pb_text_inner\"><p data-path-to-node=\"2\">Thanks to our established relationships with trusted contractors, we provide our customers with full support and maximum comfort during the finalization of transactions. We help in the efficient completion of formalities, offering professional advice on choosing the most advantageous financing options, such as leasing or credit.<\/p><p data-path-to-node=\"3\">We ensure the safety of your purchase by offering attractive insurance packages and full technical verification of vehicles. At the customer's request, each car can be checked at an authorized service station for brands such as Iveco, Mercedes, Opel, Renault, and Volkswagen.<\/p><\/div><\/div><\/div><\/div><\/div><\/div><\/div><\/div><\/article><\/div>\t\t\t\t\t\t\t\t<\/div>\n\t\t\t\t<\/div>\n\t\t\t\t\t<\/div>\n\t\t\t\t<\/div>\n\t\t\t\t<\/div>","protected":false},"excerpt":{"rendered":"<p>Od 20 lat na rynku Jeste\u015bmy firm\u0105 z tradycjami, kt\u00f3ra od blisko dw\u00f3ch dekad dostarcza sprawdzone samochody dostawcze. Dzi\u0119ki wieloletniej obecno\u015bci w bran\u017cy doskonale rozumiemy potrzeby przedsi\u0119biorc\u00f3w, oferuj\u0105c rozwi\u0105zania pozwalaj\u0105ce optymalizowa\u0107 koszty przy zachowaniu najwy\u017cszej wydajno\u015bci operacyjnej. Nasz\u0105 domen\u0105 s\u0105 specjalistyczne zabudowy dla 6, 7, 8 lub 9 os\u00f3b, realizowane na pojazdach o masie ca\u0142kowitej&hellip;<\/p>","protected":false},"author":1,"featured_media":0,"parent":0,"menu_order":0,"comment_status":"closed","ping_status":"closed","template":"page-templates\/full_width.php","meta":{"footnotes":""},"class_list":["post-3531","page","type-page","status-publish","hentry"],"yoast_head":"<!-- This site is optimized with the Yoast SEO plugin v26.8 - https:\/\/yoast.com\/product\/yoast-seo-wordpress\/ -->\n<title>Historia - Vanworld Wanicki<\/title>\n<meta name=\"robots\" content=\"index, follow, max-snippet:-1, max-image-preview:large, max-video-preview:-1\" \/>\n<link rel=\"canonical\" href=\"https:\/\/vanworld-wanicki.pl\/en\/historia\/\" \/>\n<meta property=\"og:locale\" content=\"en_GB\" \/>\n<meta property=\"og:type\" content=\"article\" \/>\n<meta property=\"og:title\" content=\"Historia - Vanworld Wanicki\" \/>\n<meta property=\"og:description\" content=\"Od 20 lat na rynku Jeste\u015bmy firm\u0105 z tradycjami, kt\u00f3ra od blisko dw\u00f3ch dekad dostarcza sprawdzone samochody dostawcze. Dzi\u0119ki wieloletniej obecno\u015bci w bran\u017cy doskonale rozumiemy potrzeby przedsi\u0119biorc\u00f3w, oferuj\u0105c rozwi\u0105zania pozwalaj\u0105ce optymalizowa\u0107 koszty przy zachowaniu najwy\u017cszej wydajno\u015bci operacyjnej. Nasz\u0105 domen\u0105 s\u0105 specjalistyczne zabudowy dla 6, 7, 8 lub 9 os\u00f3b, realizowane na pojazdach o masie ca\u0142kowitej&hellip;\" \/>\n<meta property=\"og:url\" content=\"https:\/\/vanworld-wanicki.pl\/en\/historia\/\" \/>\n<meta property=\"og:site_name\" content=\"Vanworld Wanicki\" \/>\n<meta property=\"article:modified_time\" content=\"2026-01-28T22:53:17+00:00\" \/>\n<meta property=\"og:image\" content=\"https:\/\/vanworld-wanicki.pl\/wp-content\/uploads\/2026\/01\/zabudowa-busa-renault-master.webp\" \/>\n\t<meta property=\"og:image:width\" content=\"1024\" \/>\n\t<meta property=\"og:image:height\" content=\"768\" \/>\n\t<meta property=\"og:image:type\" content=\"image\/webp\" \/>\n<meta name=\"twitter:card\" content=\"summary_large_image\" \/>\n<meta name=\"twitter:label1\" content=\"Estimated reading time\" \/>\n\t<meta name=\"twitter:data1\" content=\"2 minutes\" \/>\n<script type=\"application\/ld+json\" class=\"yoast-schema-graph\">{\"@context\":\"https:\/\/schema.org\",\"@graph\":[{\"@type\":\"WebPage\",\"@id\":\"https:\/\/vanworld-wanicki.pl\/historia\/\",\"url\":\"https:\/\/vanworld-wanicki.pl\/historia\/\",\"name\":\"Historia - Vanworld Wanicki\",\"isPartOf\":{\"@id\":\"https:\/\/vanworld-wanicki.pl\/#website\"},\"primaryImageOfPage\":{\"@id\":\"https:\/\/vanworld-wanicki.pl\/historia\/#primaryimage\"},\"image\":{\"@id\":\"https:\/\/vanworld-wanicki.pl\/historia\/#primaryimage\"},\"thumbnailUrl\":\"https:\/\/vanworld-wanicki.pl\/wp-content\/uploads\/2026\/01\/zabudowa-busa-renault-master.webp\",\"datePublished\":\"2026-01-28T22:49:36+00:00\",\"dateModified\":\"2026-01-28T22:53:17+00:00\",\"breadcrumb\":{\"@id\":\"https:\/\/vanworld-wanicki.pl\/historia\/#breadcrumb\"},\"inLanguage\":\"en-GB\",\"potentialAction\":[{\"@type\":\"ReadAction\",\"target\":[\"https:\/\/vanworld-wanicki.pl\/historia\/\"]}]},{\"@type\":\"ImageObject\",\"inLanguage\":\"en-GB\",\"@id\":\"https:\/\/vanworld-wanicki.pl\/historia\/#primaryimage\",\"url\":\"https:\/\/vanworld-wanicki.pl\/wp-content\/uploads\/2026\/01\/zabudowa-busa-renault-master.webp\",\"contentUrl\":\"https:\/\/vanworld-wanicki.pl\/wp-content\/uploads\/2026\/01\/zabudowa-busa-renault-master.webp\"},{\"@type\":\"BreadcrumbList\",\"@id\":\"https:\/\/vanworld-wanicki.pl\/historia\/#breadcrumb\",\"itemListElement\":[{\"@type\":\"ListItem\",\"position\":1,\"name\":\"Strona g\u0142\u00f3wna\",\"item\":\"https:\/\/vanworld-wanicki.pl\/\"},{\"@type\":\"ListItem\",\"position\":2,\"name\":\"Historia\"}]},{\"@type\":\"WebSite\",\"@id\":\"https:\/\/vanworld-wanicki.pl\/#website\",\"url\":\"https:\/\/vanworld-wanicki.pl\/\",\"name\":\"Vanworld Wanicki\",\"description\":\"\",\"publisher\":{\"@id\":\"https:\/\/vanworld-wanicki.pl\/#organization\"},\"potentialAction\":[{\"@type\":\"SearchAction\",\"target\":{\"@type\":\"EntryPoint\",\"urlTemplate\":\"https:\/\/vanworld-wanicki.pl\/?s={search_term_string}\"},\"query-input\":{\"@type\":\"PropertyValueSpecification\",\"valueRequired\":true,\"valueName\":\"search_term_string\"}}],\"inLanguage\":\"en-GB\"},{\"@type\":\"Organization\",\"@id\":\"https:\/\/vanworld-wanicki.pl\/#organization\",\"name\":\"Vanworld Wanicki\",\"url\":\"https:\/\/vanworld-wanicki.pl\/\",\"logo\":{\"@type\":\"ImageObject\",\"inLanguage\":\"en-GB\",\"@id\":\"https:\/\/vanworld-wanicki.pl\/#\/schema\/logo\/image\/\",\"url\":\"https:\/\/vanworld-wanicki.pl\/wp-content\/uploads\/2026\/01\/cropped-favicon.png\",\"contentUrl\":\"https:\/\/vanworld-wanicki.pl\/wp-content\/uploads\/2026\/01\/cropped-favicon.png\",\"width\":512,\"height\":512,\"caption\":\"Vanworld Wanicki\"},\"image\":{\"@id\":\"https:\/\/vanworld-wanicki.pl\/#\/schema\/logo\/image\/\"}}]}<\/script>\n<!-- \/ Yoast SEO plugin. -->","yoast_head_json":{"title":"Historia - Vanworld Wanicki","robots":{"index":"index","follow":"follow","max-snippet":"max-snippet:-1","max-image-preview":"max-image-preview:large","max-video-preview":"max-video-preview:-1"},"canonical":"https:\/\/vanworld-wanicki.pl\/en\/historia\/","og_locale":"en_GB","og_type":"article","og_title":"Historia - Vanworld Wanicki","og_description":"Od 20 lat na rynku Jeste\u015bmy firm\u0105 z tradycjami, kt\u00f3ra od blisko dw\u00f3ch dekad dostarcza sprawdzone samochody dostawcze. Dzi\u0119ki wieloletniej obecno\u015bci w bran\u017cy doskonale rozumiemy potrzeby przedsi\u0119biorc\u00f3w, oferuj\u0105c rozwi\u0105zania pozwalaj\u0105ce optymalizowa\u0107 koszty przy zachowaniu najwy\u017cszej wydajno\u015bci operacyjnej. Nasz\u0105 domen\u0105 s\u0105 specjalistyczne zabudowy dla 6, 7, 8 lub 9 os\u00f3b, realizowane na pojazdach o masie ca\u0142kowitej&hellip;","og_url":"https:\/\/vanworld-wanicki.pl\/en\/historia\/","og_site_name":"Vanworld Wanicki","article_modified_time":"2026-01-28T22:53:17+00:00","og_image":[{"width":1024,"height":768,"url":"https:\/\/vanworld-wanicki.pl\/wp-content\/uploads\/2026\/01\/zabudowa-busa-renault-master.webp","type":"image\/webp"}],"twitter_card":"summary_large_image","twitter_misc":{"Estimated reading time":"2 minutes"},"schema":{"@context":"https:\/\/schema.org","@graph":[{"@type":"WebPage","@id":"https:\/\/vanworld-wanicki.pl\/historia\/","url":"https:\/\/vanworld-wanicki.pl\/historia\/","name":"Historia - Vanworld Wanicki","isPartOf":{"@id":"https:\/\/vanworld-wanicki.pl\/#website"},"primaryImageOfPage":{"@id":"https:\/\/vanworld-wanicki.pl\/historia\/#primaryimage"},"image":{"@id":"https:\/\/vanworld-wanicki.pl\/historia\/#primaryimage"},"thumbnailUrl":"https:\/\/vanworld-wanicki.pl\/wp-content\/uploads\/2026\/01\/zabudowa-busa-renault-master.webp","datePublished":"2026-01-28T22:49:36+00:00","dateModified":"2026-01-28T22:53:17+00:00","breadcrumb":{"@id":"https:\/\/vanworld-wanicki.pl\/historia\/#breadcrumb"},"inLanguage":"en-GB","potentialAction":[{"@type":"ReadAction","target":["https:\/\/vanworld-wanicki.pl\/historia\/"]}]},{"@type":"ImageObject","inLanguage":"en-GB","@id":"https:\/\/vanworld-wanicki.pl\/historia\/#primaryimage","url":"https:\/\/vanworld-wanicki.pl\/wp-content\/uploads\/2026\/01\/zabudowa-busa-renault-master.webp","contentUrl":"https:\/\/vanworld-wanicki.pl\/wp-content\/uploads\/2026\/01\/zabudowa-busa-renault-master.webp"},{"@type":"BreadcrumbList","@id":"https:\/\/vanworld-wanicki.pl\/historia\/#breadcrumb","itemListElement":[{"@type":"ListItem","position":1,"name":"Strona g\u0142\u00f3wna","item":"https:\/\/vanworld-wanicki.pl\/"},{"@type":"ListItem","position":2,"name":"Historia"}]},{"@type":"WebSite","@id":"https:\/\/vanworld-wanicki.pl\/#website","url":"https:\/\/vanworld-wanicki.pl\/","name":"Vanworld Wanicki","description":"","publisher":{"@id":"https:\/\/vanworld-wanicki.pl\/#organization"},"potentialAction":[{"@type":"SearchAction","target":{"@type":"EntryPoint","urlTemplate":"https:\/\/vanworld-wanicki.pl\/?s={search_term_string}"},"query-input":{"@type":"PropertyValueSpecification","valueRequired":true,"valueName":"search_term_string"}}],"inLanguage":"en-GB"},{"@type":"Organization","@id":"https:\/\/vanworld-wanicki.pl\/#organization","name":"Vanworld Wanicki","url":"https:\/\/vanworld-wanicki.pl\/","logo":{"@type":"ImageObject","inLanguage":"en-GB","@id":"https:\/\/vanworld-wanicki.pl\/#\/schema\/logo\/image\/","url":"https:\/\/vanworld-wanicki.pl\/wp-content\/uploads\/2026\/01\/cropped-favicon.png","contentUrl":"https:\/\/vanworld-wanicki.pl\/wp-content\/uploads\/2026\/01\/cropped-favicon.png","width":512,"height":512,"caption":"Vanworld Wanicki"},"image":{"@id":"https:\/\/vanworld-wanicki.pl\/#\/schema\/logo\/image\/"}}]}},"_links":{"self":[{"href":"https:\/\/vanworld-wanicki.pl\/en\/wp-json\/wp\/v2\/pages\/3531","targetHints":{"allow":["GET"]}}],"collection":[{"href":"https:\/\/vanworld-wanicki.pl\/en\/wp-json\/wp\/v2\/pages"}],"about":[{"href":"https:\/\/vanworld-wanicki.pl\/en\/wp-json\/wp\/v2\/types\/page"}],"author":[{"embeddable":true,"href":"https:\/\/vanworld-wanicki.pl\/en\/wp-json\/wp\/v2\/users\/1"}],"replies":[{"embeddable":true,"href":"https:\/\/vanworld-wanicki.pl\/en\/wp-json\/wp\/v2\/comments?post=3531"}],"version-history":[{"count":7,"href":"https:\/\/vanworld-wanicki.pl\/en\/wp-json\/wp\/v2\/pages\/3531\/revisions"}],"predecessor-version":[{"id":3538,"href":"https:\/\/vanworld-wanicki.pl\/en\/wp-json\/wp\/v2\/pages\/3531\/revisions\/3538"}],"wp:attachment":[{"href":"https:\/\/vanworld-wanicki.pl\/en\/wp-json\/wp\/v2\/media?parent=3531"}],"curies":[{"name":"wp","href":"https:\/\/api.w.org\/{rel}","templated":true}]}}