{"id":3416,"date":"2026-01-28T13:08:26","date_gmt":"2026-01-28T12:08:26","guid":{"rendered":"https:\/\/vanworld-wanicki.pl\/?page_id=3416"},"modified":"2026-02-03T10:43:32","modified_gmt":"2026-02-03T09:43:32","slug":"toyota-proace","status":"publish","type":"page","link":"https:\/\/vanworld-wanicki.pl\/en\/toyota-proace\/","title":{"rendered":"Toyota Proace"},"content":{"rendered":"<div data-elementor-type=\"wp-page\" data-elementor-id=\"3416\" class=\"elementor elementor-3416\" data-elementor-settings=\"{&quot;ha_cmc_init_switcher&quot;:&quot;no&quot;}\">\n\t\t\t\t<div class=\"elementor-element elementor-element-7b4d63c e-flex e-con-boxed e-con e-parent\" data-id=\"7b4d63c\" data-element_type=\"container\" data-settings=\"{&quot;_ha_eqh_enable&quot;:false}\">\n\t\t\t\t\t<div class=\"e-con-inner\">\n\t\t\t\t<div class=\"elementor-element elementor-element-6953776 elementor-widget elementor-widget-heading\" data-id=\"6953776\" data-element_type=\"widget\" data-widget_type=\"heading.default\">\n\t\t\t\t\t<h1 class=\"elementor-heading-title elementor-size-default\">Toyota Proace bodywork<\/h1>\t\t\t\t<\/div>\n\t\t\t\t<div class=\"elementor-element elementor-element-839d68f elementor-widget elementor-widget-text-editor\" data-id=\"839d68f\" data-element_type=\"widget\" data-widget_type=\"text-editor.default\">\n\t\t\t\t\t\t\t\t\t<p data-path-to-node=\"5\">We provide comprehensive conversions of buses and delivery vehicles with a gross vehicle weight of up to 3.5 tons. We create professional vehicle conversions tailored to the individual needs of our customers.<\/p><p>Thanks to our experience, we can meet your expectations. We can customize a vehicle to the individual needs of the customer. We will help you implement your ideas in accordance with current ITS requirements and full homologation, using only certified materials.<\/p><p>Our specialists guarantee safety and complete professionalism.<\/p><p>We take care of all the formalities required to register your vehicle.<\/p>\t\t\t\t\t\t\t\t<\/div>\n\t\t\t\t<div class=\"elementor-element elementor-element-4c448da elementor-widget elementor-widget-heading\" data-id=\"4c448da\" data-element_type=\"widget\" data-widget_type=\"heading.default\">\n\t\t\t\t\t<h1 class=\"elementor-heading-title elementor-size-default\">Possible modifications<\/h1>\t\t\t\t<\/div>\n\t\t\t\t<div class=\"elementor-element elementor-element-1a94702 elementor-widget elementor-widget-html\" data-id=\"1a94702\" data-element_type=\"widget\" data-widget_type=\"html.default\">\n\t\t\t\t\t<ul class=\"modern-features-list\">\n  <li><strong>5, 6, or 9-person configuration<\/strong><\/li>\n  <li><strong>Window glazing and curtains<\/strong><\/li>\n  <li><strong>Captain's chairs (swivel, VIP)<\/strong><\/li>\n  <li><strong>Tourist and passenger seats<\/strong><\/li>\n  <li><strong>Webasto air conditioning and parking heater<\/strong><\/li>\n  <li><strong>Thermal and acoustic insulation<\/strong><\/li>\n  <li><strong>USB and 230V sockets for passengers<\/strong><\/li>\n  <li><strong>LED ceiling and spot lighting<\/strong><\/li>\n  <li><strong>L-track rail systems for mounting<\/strong><\/li>\n  <li><strong>Seat belts and handrail systems<\/strong><\/li>\n  <li><strong>Multimedia: Audio\/Video and Wi-Fi systems<\/strong><\/li>\n  <li><strong>Wall, ceiling, and floor coverings<\/strong><\/li>\n  <li><strong>Bedroom furniture (platform + mattress)<\/strong><\/li>\n  <li><strong>Entrance steps (manual\/electric)<\/strong><\/li>\n  <li><strong>Bulkheads and luggage compartments<\/strong><\/li>\n  <li><strong>Reinforced suspension under load<\/strong><\/li>\n<\/ul>\t\t\t\t<\/div>\n\t\t\t\t<div class=\"elementor-element elementor-element-d6baae5 ha-image-grid--masonry elementor-widget elementor-widget-ha-image-grid happy-addon ha-image-grid\" data-id=\"d6baae5\" data-element_type=\"widget\" data-settings=\"{&quot;layout&quot;:&quot;masonry&quot;,&quot;enable_popup&quot;:&quot;yes&quot;}\" data-widget_type=\"ha-image-grid.default\">\n\t\t\t\t\t\n\t\t<div class=\"ha-image-grid__wrap hajs-isotope ha-lightbox--has\">\n\t\t\t\t\t\t\t\n\t\t\t\t<a href=\"#\" data-mfp-src=\"https:\/\/vanworld-wanicki.pl\/wp-content\/uploads\/2026\/01\/Bankowoz-Toyota-Proace-1.webp\" class=\"ha-image-grid__item ha-js-lightbox __fltr-1\">\n\t\t\t\t\t<img fetchpriority=\"high\" decoding=\"async\" width=\"768\" height=\"576\" src=\"https:\/\/vanworld-wanicki.pl\/wp-content\/uploads\/2026\/01\/Bankowoz-Toyota-Proace-1-768x576.webp\" class=\"elementor-animation-grow\" alt=\"Toyota PROACE van u\u017cytkowy w kolorze bia\u0142ym \u2013 widok z przodu\" srcset=\"https:\/\/vanworld-wanicki.pl\/wp-content\/uploads\/2026\/01\/Bankowoz-Toyota-Proace-1-768x576.webp 768w, https:\/\/vanworld-wanicki.pl\/wp-content\/uploads\/2026\/01\/Bankowoz-Toyota-Proace-1-300x225.webp 300w, https:\/\/vanworld-wanicki.pl\/wp-content\/uploads\/2026\/01\/Bankowoz-Toyota-Proace-1-16x12.webp 16w, https:\/\/vanworld-wanicki.pl\/wp-content\/uploads\/2026\/01\/Bankowoz-Toyota-Proace-1.webp 1024w\" sizes=\"(max-width: 768px) 100vw, 768px\" \/>\t\t\t\t<\/a>\n\t\t\t\t\t\t\t\n\t\t\t\t<a href=\"#\" data-mfp-src=\"https:\/\/vanworld-wanicki.pl\/wp-content\/uploads\/2026\/01\/Bankowoz-Toyota-Proace-2.webp\" class=\"ha-image-grid__item ha-js-lightbox __fltr-1\">\n\t\t\t\t\t<img decoding=\"async\" width=\"768\" height=\"576\" src=\"https:\/\/vanworld-wanicki.pl\/wp-content\/uploads\/2026\/01\/Bankowoz-Toyota-Proace-2-768x576.webp\" class=\"elementor-animation-grow\" alt=\"Toyota PROACE widok boczny \u2013 van do transportu towar\u00f3w\" srcset=\"https:\/\/vanworld-wanicki.pl\/wp-content\/uploads\/2026\/01\/Bankowoz-Toyota-Proace-2-768x576.webp 768w, https:\/\/vanworld-wanicki.pl\/wp-content\/uploads\/2026\/01\/Bankowoz-Toyota-Proace-2-300x225.webp 300w, https:\/\/vanworld-wanicki.pl\/wp-content\/uploads\/2026\/01\/Bankowoz-Toyota-Proace-2-16x12.webp 16w, https:\/\/vanworld-wanicki.pl\/wp-content\/uploads\/2026\/01\/Bankowoz-Toyota-Proace-2.webp 1024w\" sizes=\"(max-width: 768px) 100vw, 768px\" \/>\t\t\t\t<\/a>\n\t\t\t\t\t\t\t\n\t\t\t\t<a href=\"#\" data-mfp-src=\"https:\/\/vanworld-wanicki.pl\/wp-content\/uploads\/2026\/01\/Bankowoz-Toyota-Proace-3.webp\" class=\"ha-image-grid__item ha-js-lightbox __fltr-1\">\n\t\t\t\t\t<img decoding=\"async\" width=\"768\" height=\"576\" src=\"https:\/\/vanworld-wanicki.pl\/wp-content\/uploads\/2026\/01\/Bankowoz-Toyota-Proace-3-768x576.webp\" class=\"elementor-animation-grow\" alt=\"Toyota PROACE zdj\u0119cie tylne \u2013 przestrze\u0144 \u0142adunkowa i drzwi\" srcset=\"https:\/\/vanworld-wanicki.pl\/wp-content\/uploads\/2026\/01\/Bankowoz-Toyota-Proace-3-768x576.webp 768w, https:\/\/vanworld-wanicki.pl\/wp-content\/uploads\/2026\/01\/Bankowoz-Toyota-Proace-3-300x225.webp 300w, https:\/\/vanworld-wanicki.pl\/wp-content\/uploads\/2026\/01\/Bankowoz-Toyota-Proace-3-16x12.webp 16w, https:\/\/vanworld-wanicki.pl\/wp-content\/uploads\/2026\/01\/Bankowoz-Toyota-Proace-3.webp 1024w\" sizes=\"(max-width: 768px) 100vw, 768px\" \/>\t\t\t\t<\/a>\n\t\t\t\t\t\t\t\n\t\t\t\t<a href=\"#\" data-mfp-src=\"https:\/\/vanworld-wanicki.pl\/wp-content\/uploads\/2026\/01\/Bankowoz-Toyota-Proace-4.webp\" class=\"ha-image-grid__item ha-js-lightbox __fltr-1\">\n\t\t\t\t\t<img loading=\"lazy\" decoding=\"async\" width=\"768\" height=\"576\" src=\"https:\/\/vanworld-wanicki.pl\/wp-content\/uploads\/2026\/01\/Bankowoz-Toyota-Proace-4-768x576.webp\" class=\"elementor-animation-grow\" alt=\"Toyota PROACE samoch\u00f3d dostawczy w ruchu na drodze\" srcset=\"https:\/\/vanworld-wanicki.pl\/wp-content\/uploads\/2026\/01\/Bankowoz-Toyota-Proace-4-768x576.webp 768w, https:\/\/vanworld-wanicki.pl\/wp-content\/uploads\/2026\/01\/Bankowoz-Toyota-Proace-4-300x225.webp 300w, https:\/\/vanworld-wanicki.pl\/wp-content\/uploads\/2026\/01\/Bankowoz-Toyota-Proace-4-16x12.webp 16w, https:\/\/vanworld-wanicki.pl\/wp-content\/uploads\/2026\/01\/Bankowoz-Toyota-Proace-4.webp 1024w\" sizes=\"(max-width: 768px) 100vw, 768px\" \/>\t\t\t\t<\/a>\n\t\t\t\t\t\t\t\n\t\t\t\t<a href=\"#\" data-mfp-src=\"https:\/\/vanworld-wanicki.pl\/wp-content\/uploads\/2026\/01\/Bankowoz-Toyota-Proace-5.webp\" class=\"ha-image-grid__item ha-js-lightbox __fltr-1\">\n\t\t\t\t\t<img loading=\"lazy\" decoding=\"async\" width=\"768\" height=\"576\" src=\"https:\/\/vanworld-wanicki.pl\/wp-content\/uploads\/2026\/01\/Bankowoz-Toyota-Proace-5-768x576.webp\" class=\"elementor-animation-grow\" alt=\"Toyota PROACE van \u2013 eleganckie felgi i marka Toyota\" srcset=\"https:\/\/vanworld-wanicki.pl\/wp-content\/uploads\/2026\/01\/Bankowoz-Toyota-Proace-5-768x576.webp 768w, https:\/\/vanworld-wanicki.pl\/wp-content\/uploads\/2026\/01\/Bankowoz-Toyota-Proace-5-300x225.webp 300w, https:\/\/vanworld-wanicki.pl\/wp-content\/uploads\/2026\/01\/Bankowoz-Toyota-Proace-5-16x12.webp 16w, https:\/\/vanworld-wanicki.pl\/wp-content\/uploads\/2026\/01\/Bankowoz-Toyota-Proace-5.webp 1024w\" sizes=\"(max-width: 768px) 100vw, 768px\" \/>\t\t\t\t<\/a>\n\t\t\t\t\t\t\t\n\t\t\t\t<a href=\"#\" data-mfp-src=\"https:\/\/vanworld-wanicki.pl\/wp-content\/uploads\/2026\/01\/Bankowoz-Toyota-Proace-7-768x1024.webp\" class=\"ha-image-grid__item ha-js-lightbox __fltr-1\">\n\t\t\t\t\t<img loading=\"lazy\" decoding=\"async\" width=\"768\" height=\"1024\" src=\"https:\/\/vanworld-wanicki.pl\/wp-content\/uploads\/2026\/01\/Bankowoz-Toyota-Proace-7-768x1024.webp\" class=\"elementor-animation-grow\" alt=\"Toyota PROACE \u2013 reflektory przednie LED i detale karoserii\" srcset=\"https:\/\/vanworld-wanicki.pl\/wp-content\/uploads\/2026\/01\/Bankowoz-Toyota-Proace-7-768x1024.webp 768w, https:\/\/vanworld-wanicki.pl\/wp-content\/uploads\/2026\/01\/Bankowoz-Toyota-Proace-7-225x300.webp 225w, https:\/\/vanworld-wanicki.pl\/wp-content\/uploads\/2026\/01\/Bankowoz-Toyota-Proace-7-1152x1536.webp 1152w, https:\/\/vanworld-wanicki.pl\/wp-content\/uploads\/2026\/01\/Bankowoz-Toyota-Proace-7-9x12.webp 9w, https:\/\/vanworld-wanicki.pl\/wp-content\/uploads\/2026\/01\/Bankowoz-Toyota-Proace-7.webp 1536w\" sizes=\"(max-width: 768px) 100vw, 768px\" \/>\t\t\t\t<\/a>\n\t\t\t\t\t\t\t\n\t\t\t\t<a href=\"#\" data-mfp-src=\"https:\/\/vanworld-wanicki.pl\/wp-content\/uploads\/2026\/01\/Bankowoz-Toyota-Proace-8-768x1024.webp\" class=\"ha-image-grid__item ha-js-lightbox __fltr-1\">\n\t\t\t\t\t<img loading=\"lazy\" decoding=\"async\" width=\"768\" height=\"1024\" src=\"https:\/\/vanworld-wanicki.pl\/wp-content\/uploads\/2026\/01\/Bankowoz-Toyota-Proace-8-768x1024.webp\" class=\"elementor-animation-grow\" alt=\"Toyota PROACE \u2013 wn\u0119trze kabiny kierowcy z desk\u0105 rozdzielcz\u0105\" srcset=\"https:\/\/vanworld-wanicki.pl\/wp-content\/uploads\/2026\/01\/Bankowoz-Toyota-Proace-8-768x1024.webp 768w, https:\/\/vanworld-wanicki.pl\/wp-content\/uploads\/2026\/01\/Bankowoz-Toyota-Proace-8-225x300.webp 225w, https:\/\/vanworld-wanicki.pl\/wp-content\/uploads\/2026\/01\/Bankowoz-Toyota-Proace-8-1152x1536.webp 1152w, https:\/\/vanworld-wanicki.pl\/wp-content\/uploads\/2026\/01\/Bankowoz-Toyota-Proace-8-9x12.webp 9w, https:\/\/vanworld-wanicki.pl\/wp-content\/uploads\/2026\/01\/Bankowoz-Toyota-Proace-8.webp 1536w\" sizes=\"(max-width: 768px) 100vw, 768px\" \/>\t\t\t\t<\/a>\n\t\t\t\t\t\t\t\n\t\t\t\t<a href=\"#\" data-mfp-src=\"https:\/\/vanworld-wanicki.pl\/wp-content\/uploads\/2026\/01\/Bankowoz-Toyota-Proace-9-768x1024.webp\" class=\"ha-image-grid__item ha-js-lightbox __fltr-1\">\n\t\t\t\t\t<img loading=\"lazy\" decoding=\"async\" width=\"768\" height=\"1024\" src=\"https:\/\/vanworld-wanicki.pl\/wp-content\/uploads\/2026\/01\/Bankowoz-Toyota-Proace-9-768x1024.webp\" class=\"elementor-animation-grow\" alt=\"Toyota PROACE \u2013 panel kierownicy z przyciskami sterowania\" srcset=\"https:\/\/vanworld-wanicki.pl\/wp-content\/uploads\/2026\/01\/Bankowoz-Toyota-Proace-9-768x1024.webp 768w, https:\/\/vanworld-wanicki.pl\/wp-content\/uploads\/2026\/01\/Bankowoz-Toyota-Proace-9-225x300.webp 225w, https:\/\/vanworld-wanicki.pl\/wp-content\/uploads\/2026\/01\/Bankowoz-Toyota-Proace-9-1152x1536.webp 1152w, https:\/\/vanworld-wanicki.pl\/wp-content\/uploads\/2026\/01\/Bankowoz-Toyota-Proace-9-9x12.webp 9w, https:\/\/vanworld-wanicki.pl\/wp-content\/uploads\/2026\/01\/Bankowoz-Toyota-Proace-9.webp 1536w\" sizes=\"(max-width: 768px) 100vw, 768px\" \/>\t\t\t\t<\/a>\n\t\t\t\t\t\t\t\n\t\t\t\t<a href=\"#\" data-mfp-src=\"https:\/\/vanworld-wanicki.pl\/wp-content\/uploads\/2026\/01\/Bankowoz-Toyota-Proace-10-768x1024.webp\" class=\"ha-image-grid__item ha-js-lightbox __fltr-1\">\n\t\t\t\t\t<img loading=\"lazy\" decoding=\"async\" width=\"768\" height=\"1024\" src=\"https:\/\/vanworld-wanicki.pl\/wp-content\/uploads\/2026\/01\/Bankowoz-Toyota-Proace-10-768x1024.webp\" class=\"elementor-animation-grow\" alt=\"Toyota PROACE \u2013 przestronne miejsce \u0142adunkowe za\u0142adunek\" srcset=\"https:\/\/vanworld-wanicki.pl\/wp-content\/uploads\/2026\/01\/Bankowoz-Toyota-Proace-10-768x1024.webp 768w, https:\/\/vanworld-wanicki.pl\/wp-content\/uploads\/2026\/01\/Bankowoz-Toyota-Proace-10-225x300.webp 225w, https:\/\/vanworld-wanicki.pl\/wp-content\/uploads\/2026\/01\/Bankowoz-Toyota-Proace-10-1152x1536.webp 1152w, https:\/\/vanworld-wanicki.pl\/wp-content\/uploads\/2026\/01\/Bankowoz-Toyota-Proace-10-9x12.webp 9w, https:\/\/vanworld-wanicki.pl\/wp-content\/uploads\/2026\/01\/Bankowoz-Toyota-Proace-10.webp 1536w\" sizes=\"(max-width: 768px) 100vw, 768px\" \/>\t\t\t\t<\/a>\n\t\t\t\t\t\t\t\n\t\t\t\t<a href=\"#\" data-mfp-src=\"https:\/\/vanworld-wanicki.pl\/wp-content\/uploads\/2026\/01\/Bankowoz-Toyota-Proace-768x1024.webp\" class=\"ha-image-grid__item ha-js-lightbox __fltr-1\">\n\t\t\t\t\t<img loading=\"lazy\" decoding=\"async\" width=\"768\" height=\"1024\" src=\"https:\/\/vanworld-wanicki.pl\/wp-content\/uploads\/2026\/01\/Bankowoz-Toyota-Proace-768x1024.webp\" class=\"elementor-animation-grow\" alt=\"Toyota PROACE \u2013 b\u0142otniki, boczne drzwi i logo Toyota\" srcset=\"https:\/\/vanworld-wanicki.pl\/wp-content\/uploads\/2026\/01\/Bankowoz-Toyota-Proace-768x1024.webp 768w, https:\/\/vanworld-wanicki.pl\/wp-content\/uploads\/2026\/01\/Bankowoz-Toyota-Proace-225x300.webp 225w, https:\/\/vanworld-wanicki.pl\/wp-content\/uploads\/2026\/01\/Bankowoz-Toyota-Proace-1152x1536.webp 1152w, https:\/\/vanworld-wanicki.pl\/wp-content\/uploads\/2026\/01\/Bankowoz-Toyota-Proace-9x12.webp 9w, https:\/\/vanworld-wanicki.pl\/wp-content\/uploads\/2026\/01\/Bankowoz-Toyota-Proace.webp 1536w\" sizes=\"(max-width: 768px) 100vw, 768px\" \/>\t\t\t\t<\/a>\n\t\t\t\t\t<\/div>\n\n\t\t\t\t\t\t<\/div>\n\t\t\t\t\t<\/div>\n\t\t\t\t<\/div>\n\t\t\t\t<\/div>","protected":false},"excerpt":{"rendered":"<p>Zabudowy Toyota Proace Wykonujemy kompleksowe zabudowy bus\u00f3w i samochod\u00f3w dostawczych o dopuszczalnej masie ca\u0142kowitej do 3,5 ton. Tworzymy profesjonalne zabudowy samochod\u00f3w na indywidualne potrzeby klienta. Dzi\u0119ki naszemu do\u015bwiadczeniu mo\u017cemy wyj\u015b\u0107 naprzeciw Pa\u0144stwa oczekiwaniom. Potrafimy zabudowa\u0107 samoch\u00f3d na indywidualne potrzeby klienta. Pomo\u017cemy w realizacji Pa\u0144stwa pomys\u0142\u00f3w wed\u0142ug aktualnych wymog\u00f3w ITS, pe\u0142nej homologacji, wykorzystuj\u0105c wy\u0142\u0105cznie certyfikowane materia\u0142y.&hellip;<\/p>","protected":false},"author":1,"featured_media":0,"parent":0,"menu_order":0,"comment_status":"closed","ping_status":"closed","template":"","meta":{"footnotes":""},"class_list":["post-3416","page","type-page","status-publish","hentry"],"yoast_head":"<!-- This site is optimized with the Yoast SEO plugin v26.8 - https:\/\/yoast.com\/product\/yoast-seo-wordpress\/ -->\n<title>Toyota Proace - Vanworld Wanicki<\/title>\n<meta name=\"robots\" content=\"index, follow, max-snippet:-1, max-image-preview:large, max-video-preview:-1\" \/>\n<link rel=\"canonical\" href=\"https:\/\/vanworld-wanicki.pl\/en\/toyota-proace\/\" \/>\n<meta property=\"og:locale\" content=\"en_GB\" \/>\n<meta property=\"og:type\" content=\"article\" \/>\n<meta property=\"og:title\" content=\"Toyota Proace - Vanworld Wanicki\" \/>\n<meta property=\"og:description\" content=\"Zabudowy Toyota Proace Wykonujemy kompleksowe zabudowy bus\u00f3w i samochod\u00f3w dostawczych o dopuszczalnej masie ca\u0142kowitej do 3,5 ton. Tworzymy profesjonalne zabudowy samochod\u00f3w na indywidualne potrzeby klienta. Dzi\u0119ki naszemu do\u015bwiadczeniu mo\u017cemy wyj\u015b\u0107 naprzeciw Pa\u0144stwa oczekiwaniom. Potrafimy zabudowa\u0107 samoch\u00f3d na indywidualne potrzeby klienta. Pomo\u017cemy w realizacji Pa\u0144stwa pomys\u0142\u00f3w wed\u0142ug aktualnych wymog\u00f3w ITS, pe\u0142nej homologacji, wykorzystuj\u0105c wy\u0142\u0105cznie certyfikowane materia\u0142y.&hellip;\" \/>\n<meta property=\"og:url\" content=\"https:\/\/vanworld-wanicki.pl\/en\/toyota-proace\/\" \/>\n<meta property=\"og:site_name\" content=\"Vanworld Wanicki\" \/>\n<meta property=\"article:modified_time\" content=\"2026-02-03T09:43:32+00:00\" \/>\n<meta property=\"og:image\" content=\"https:\/\/vanworld-wanicki.pl\/wp-content\/uploads\/2026\/01\/Bankowoz-Toyota-Proace-1-768x576.webp\" \/>\n<meta name=\"twitter:card\" content=\"summary_large_image\" \/>\n<meta name=\"twitter:label1\" content=\"Estimated reading time\" \/>\n\t<meta name=\"twitter:data1\" content=\"3 minutes\" \/>\n<script type=\"application\/ld+json\" class=\"yoast-schema-graph\">{\"@context\":\"https:\/\/schema.org\",\"@graph\":[{\"@type\":\"WebPage\",\"@id\":\"https:\/\/vanworld-wanicki.pl\/toyota-proace\/\",\"url\":\"https:\/\/vanworld-wanicki.pl\/toyota-proace\/\",\"name\":\"Toyota Proace - Vanworld Wanicki\",\"isPartOf\":{\"@id\":\"https:\/\/vanworld-wanicki.pl\/#website\"},\"primaryImageOfPage\":{\"@id\":\"https:\/\/vanworld-wanicki.pl\/toyota-proace\/#primaryimage\"},\"image\":{\"@id\":\"https:\/\/vanworld-wanicki.pl\/toyota-proace\/#primaryimage\"},\"thumbnailUrl\":\"https:\/\/vanworld-wanicki.pl\/wp-content\/uploads\/2026\/01\/Bankowoz-Toyota-Proace-1-768x576.webp\",\"datePublished\":\"2026-01-28T12:08:26+00:00\",\"dateModified\":\"2026-02-03T09:43:32+00:00\",\"breadcrumb\":{\"@id\":\"https:\/\/vanworld-wanicki.pl\/toyota-proace\/#breadcrumb\"},\"inLanguage\":\"en-GB\",\"potentialAction\":[{\"@type\":\"ReadAction\",\"target\":[\"https:\/\/vanworld-wanicki.pl\/toyota-proace\/\"]}]},{\"@type\":\"ImageObject\",\"inLanguage\":\"en-GB\",\"@id\":\"https:\/\/vanworld-wanicki.pl\/toyota-proace\/#primaryimage\",\"url\":\"https:\/\/vanworld-wanicki.pl\/wp-content\/uploads\/2026\/01\/Bankowoz-Toyota-Proace-1-768x576.webp\",\"contentUrl\":\"https:\/\/vanworld-wanicki.pl\/wp-content\/uploads\/2026\/01\/Bankowoz-Toyota-Proace-1-768x576.webp\"},{\"@type\":\"BreadcrumbList\",\"@id\":\"https:\/\/vanworld-wanicki.pl\/toyota-proace\/#breadcrumb\",\"itemListElement\":[{\"@type\":\"ListItem\",\"position\":1,\"name\":\"Strona g\u0142\u00f3wna\",\"item\":\"https:\/\/vanworld-wanicki.pl\/\"},{\"@type\":\"ListItem\",\"position\":2,\"name\":\"Toyota Proace\"}]},{\"@type\":\"WebSite\",\"@id\":\"https:\/\/vanworld-wanicki.pl\/#website\",\"url\":\"https:\/\/vanworld-wanicki.pl\/\",\"name\":\"Vanworld Wanicki\",\"description\":\"\",\"publisher\":{\"@id\":\"https:\/\/vanworld-wanicki.pl\/#organization\"},\"potentialAction\":[{\"@type\":\"SearchAction\",\"target\":{\"@type\":\"EntryPoint\",\"urlTemplate\":\"https:\/\/vanworld-wanicki.pl\/?s={search_term_string}\"},\"query-input\":{\"@type\":\"PropertyValueSpecification\",\"valueRequired\":true,\"valueName\":\"search_term_string\"}}],\"inLanguage\":\"en-GB\"},{\"@type\":\"Organization\",\"@id\":\"https:\/\/vanworld-wanicki.pl\/#organization\",\"name\":\"Vanworld Wanicki\",\"url\":\"https:\/\/vanworld-wanicki.pl\/\",\"logo\":{\"@type\":\"ImageObject\",\"inLanguage\":\"en-GB\",\"@id\":\"https:\/\/vanworld-wanicki.pl\/#\/schema\/logo\/image\/\",\"url\":\"https:\/\/vanworld-wanicki.pl\/wp-content\/uploads\/2026\/01\/cropped-favicon.png\",\"contentUrl\":\"https:\/\/vanworld-wanicki.pl\/wp-content\/uploads\/2026\/01\/cropped-favicon.png\",\"width\":512,\"height\":512,\"caption\":\"Vanworld Wanicki\"},\"image\":{\"@id\":\"https:\/\/vanworld-wanicki.pl\/#\/schema\/logo\/image\/\"}}]}<\/script>\n<!-- \/ Yoast SEO plugin. -->","yoast_head_json":{"title":"Toyota Proace - Vanworld Wanicki","robots":{"index":"index","follow":"follow","max-snippet":"max-snippet:-1","max-image-preview":"max-image-preview:large","max-video-preview":"max-video-preview:-1"},"canonical":"https:\/\/vanworld-wanicki.pl\/en\/toyota-proace\/","og_locale":"en_GB","og_type":"article","og_title":"Toyota Proace - Vanworld Wanicki","og_description":"Zabudowy Toyota Proace Wykonujemy kompleksowe zabudowy bus\u00f3w i samochod\u00f3w dostawczych o dopuszczalnej masie ca\u0142kowitej do 3,5 ton. Tworzymy profesjonalne zabudowy samochod\u00f3w na indywidualne potrzeby klienta. Dzi\u0119ki naszemu do\u015bwiadczeniu mo\u017cemy wyj\u015b\u0107 naprzeciw Pa\u0144stwa oczekiwaniom. Potrafimy zabudowa\u0107 samoch\u00f3d na indywidualne potrzeby klienta. Pomo\u017cemy w realizacji Pa\u0144stwa pomys\u0142\u00f3w wed\u0142ug aktualnych wymog\u00f3w ITS, pe\u0142nej homologacji, wykorzystuj\u0105c wy\u0142\u0105cznie certyfikowane materia\u0142y.&hellip;","og_url":"https:\/\/vanworld-wanicki.pl\/en\/toyota-proace\/","og_site_name":"Vanworld Wanicki","article_modified_time":"2026-02-03T09:43:32+00:00","og_image":[{"url":"https:\/\/vanworld-wanicki.pl\/wp-content\/uploads\/2026\/01\/Bankowoz-Toyota-Proace-1-768x576.webp","type":"","width":"","height":""}],"twitter_card":"summary_large_image","twitter_misc":{"Estimated reading time":"3 minutes"},"schema":{"@context":"https:\/\/schema.org","@graph":[{"@type":"WebPage","@id":"https:\/\/vanworld-wanicki.pl\/toyota-proace\/","url":"https:\/\/vanworld-wanicki.pl\/toyota-proace\/","name":"Toyota Proace - Vanworld Wanicki","isPartOf":{"@id":"https:\/\/vanworld-wanicki.pl\/#website"},"primaryImageOfPage":{"@id":"https:\/\/vanworld-wanicki.pl\/toyota-proace\/#primaryimage"},"image":{"@id":"https:\/\/vanworld-wanicki.pl\/toyota-proace\/#primaryimage"},"thumbnailUrl":"https:\/\/vanworld-wanicki.pl\/wp-content\/uploads\/2026\/01\/Bankowoz-Toyota-Proace-1-768x576.webp","datePublished":"2026-01-28T12:08:26+00:00","dateModified":"2026-02-03T09:43:32+00:00","breadcrumb":{"@id":"https:\/\/vanworld-wanicki.pl\/toyota-proace\/#breadcrumb"},"inLanguage":"en-GB","potentialAction":[{"@type":"ReadAction","target":["https:\/\/vanworld-wanicki.pl\/toyota-proace\/"]}]},{"@type":"ImageObject","inLanguage":"en-GB","@id":"https:\/\/vanworld-wanicki.pl\/toyota-proace\/#primaryimage","url":"https:\/\/vanworld-wanicki.pl\/wp-content\/uploads\/2026\/01\/Bankowoz-Toyota-Proace-1-768x576.webp","contentUrl":"https:\/\/vanworld-wanicki.pl\/wp-content\/uploads\/2026\/01\/Bankowoz-Toyota-Proace-1-768x576.webp"},{"@type":"BreadcrumbList","@id":"https:\/\/vanworld-wanicki.pl\/toyota-proace\/#breadcrumb","itemListElement":[{"@type":"ListItem","position":1,"name":"Strona g\u0142\u00f3wna","item":"https:\/\/vanworld-wanicki.pl\/"},{"@type":"ListItem","position":2,"name":"Toyota Proace"}]},{"@type":"WebSite","@id":"https:\/\/vanworld-wanicki.pl\/#website","url":"https:\/\/vanworld-wanicki.pl\/","name":"Vanworld Wanicki","description":"","publisher":{"@id":"https:\/\/vanworld-wanicki.pl\/#organization"},"potentialAction":[{"@type":"SearchAction","target":{"@type":"EntryPoint","urlTemplate":"https:\/\/vanworld-wanicki.pl\/?s={search_term_string}"},"query-input":{"@type":"PropertyValueSpecification","valueRequired":true,"valueName":"search_term_string"}}],"inLanguage":"en-GB"},{"@type":"Organization","@id":"https:\/\/vanworld-wanicki.pl\/#organization","name":"Vanworld Wanicki","url":"https:\/\/vanworld-wanicki.pl\/","logo":{"@type":"ImageObject","inLanguage":"en-GB","@id":"https:\/\/vanworld-wanicki.pl\/#\/schema\/logo\/image\/","url":"https:\/\/vanworld-wanicki.pl\/wp-content\/uploads\/2026\/01\/cropped-favicon.png","contentUrl":"https:\/\/vanworld-wanicki.pl\/wp-content\/uploads\/2026\/01\/cropped-favicon.png","width":512,"height":512,"caption":"Vanworld Wanicki"},"image":{"@id":"https:\/\/vanworld-wanicki.pl\/#\/schema\/logo\/image\/"}}]}},"_links":{"self":[{"href":"https:\/\/vanworld-wanicki.pl\/en\/wp-json\/wp\/v2\/pages\/3416","targetHints":{"allow":["GET"]}}],"collection":[{"href":"https:\/\/vanworld-wanicki.pl\/en\/wp-json\/wp\/v2\/pages"}],"about":[{"href":"https:\/\/vanworld-wanicki.pl\/en\/wp-json\/wp\/v2\/types\/page"}],"author":[{"embeddable":true,"href":"https:\/\/vanworld-wanicki.pl\/en\/wp-json\/wp\/v2\/users\/1"}],"replies":[{"embeddable":true,"href":"https:\/\/vanworld-wanicki.pl\/en\/wp-json\/wp\/v2\/comments?post=3416"}],"version-history":[{"count":19,"href":"https:\/\/vanworld-wanicki.pl\/en\/wp-json\/wp\/v2\/pages\/3416\/revisions"}],"predecessor-version":[{"id":4072,"href":"https:\/\/vanworld-wanicki.pl\/en\/wp-json\/wp\/v2\/pages\/3416\/revisions\/4072"}],"wp:attachment":[{"href":"https:\/\/vanworld-wanicki.pl\/en\/wp-json\/wp\/v2\/media?parent=3416"}],"curies":[{"name":"wp","href":"https:\/\/api.w.org\/{rel}","templated":true}]}}