{"id":3,"date":"2026-01-27T11:10:47","date_gmt":"2026-01-27T10:10:47","guid":{"rendered":"https:\/\/vanworld-wanicki.pl\/?page_id=3"},"modified":"2026-01-28T23:25:34","modified_gmt":"2026-01-28T22:25:34","slug":"polityka-prywatnosci","status":"publish","type":"page","link":"https:\/\/vanworld-wanicki.pl\/en\/polityka-prywatnosci\/","title":{"rendered":"Privacy Policy"},"content":{"rendered":"<div data-elementor-type=\"wp-page\" data-elementor-id=\"3\" class=\"elementor elementor-3\" data-elementor-settings=\"{&quot;ha_cmc_init_switcher&quot;:&quot;no&quot;}\">\n\t\t\t\t<div class=\"elementor-element elementor-element-2227171f e-flex e-con-boxed e-con e-parent\" data-id=\"2227171f\" data-element_type=\"container\" data-settings=\"{&quot;_ha_eqh_enable&quot;:false}\">\n\t\t\t\t\t<div class=\"e-con-inner\">\n\t\t\t\t<div class=\"elementor-element elementor-element-3dab99a elementor-widget elementor-widget-text-editor\" data-id=\"3dab99a\" data-element_type=\"widget\" data-widget_type=\"text-editor.default\">\n\t\t\t\t\t\t\t\t\t\n<p>The owner of the VANWORLD-Wanicki website is VANWORLD-Wanicki sp. z o.o., which is the administrator of your personal data.<\/p>\n<p>This Privacy Policy sets out how we process the information collected on the VANWORLD-Wanicki website and explains the reasons why we need to collect certain data about you. Therefore, please read this Privacy Policy before using the VANWORLD-Wanicki website.<\/p>\n<p>We care about your personal data and are committed to ensuring its confidentiality and protection.<\/p>\n<h2 class=\"wp-block-heading\">Personal data we collect<\/h2>\n<p>When you visit the VANWORLD-Wanicki website, we automatically collect certain information about your device, including information about your web browser, IP address, time zone, and certain cookies installed on your device. In addition, as you browse the site, we collect information about the specific web pages or products you view, what pages or search terms brought you to our Site, and how you use the Site. We refer to this automatically collected information as \u201cDevice Information.\u201d In addition, we may collect personal information that you provide to us (including, but not limited to, your first and last name, address, payment information, etc.) during the registration process to enable the performance of the contract.<\/p>\n<h2 class=\"wp-block-heading\">Why do we process your data?<\/h2>\n<p>Our top priority is to ensure the security of customer\/user data, which is why we may only process limited data, only to the extent that is absolutely necessary to maintain the functioning of the Website. The information collected automatically is used solely to identify potential cases of abuse and to compile statistics on the use of our Website. These statistics are not collected in a way that allows the identification of a specific user of the system.<\/p>\n<p>You can visit our Website without having to disclose your identity or provide any information that could be used to identify you as a specific, identifiable person. However, if you wish to use certain features of the Website or receive our newsletter, or provide other information by filling out a form, you may provide us with your personal information, such as your email address, first and last name, city of residence, company, organization, and phone number. You may choose not to provide us with your personal information, but then you may not be able to use certain features of the Website. For example, we will not be able to send you our Newsletter or contact you directly on the Website. Users who are unsure which information is mandatory can contact us at biuro@vanworld-wanicki.pl.<\/p>\n<h2 class=\"wp-block-heading\">Your rights<\/h2>\n<p>If you are a citizen of the European Union, you have the following rights regarding your personal data:<\/p>\n<ul class=\"wp-block-list\">\n<li>Right to obtain information.<\/li>\n<li>Right of access to information.<\/li>\n<li>Right to rectification.<\/li>\n<li>Right to erasure.<\/li>\n<li>Right to restrict data processing.<\/li>\n<li>The right to object to the processing of data.<\/li>\n<li>Right to object.<\/li>\n<li>Rights relating to automated decision-making and profiling.<\/li>\n<\/ul>\n<p>If you wish to exercise this right, please contact us using the contact details below.<\/p>\n<p>Furthermore, if you are a citizen of the European Union, please note that your data may be processed for the purpose of performing any contracts concluded with you (e.g., when you place an order via the Website) or for the purpose of carrying out our legitimate business activities listed above. Furthermore, please note that your information may be transferred outside the European Union, including to Canada and the United States.<\/p>\n<h2 class=\"wp-block-heading\">Links to other websites<\/h2>\n<p>Our Website may contain links to other websites that are not owned or controlled by us. Please be aware that we are not responsible for other websites or their privacy practices. For this reason, we encourage you to be aware when you leave our site and to read the privacy policy of each website that may collect personal information.<\/p>\n<h2 class=\"wp-block-heading\">Data protection<\/h2>\n<p>We ensure the security of information provided by users on computer servers in a controlled, secure environment, protected from unauthorized access, use, or disclosure. As part of our control and supervision, we use appropriate administrative, technical, and physical safeguards to protect against unauthorized access, use, modification, and disclosure of personal data. However, we cannot guarantee the security of data transmission over the Internet or wireless networks.<\/p>\n<h2 class=\"wp-block-heading\">Disclosure of information required by law<\/h2>\n<p>Any information we collect, use, or receive will be disclosed if required or permitted by law, such as to comply with a subpoena or similar legal process, and when we believe in good faith that disclosure is necessary to protect our rights, your safety or the safety of others, to detect fraud, or in response to a government request.<\/p>\n<h2 class=\"wp-block-heading\">Contact information<\/h2>\n<p>If you wish to contact us for more information about this Privacy Policy or any matter relating to your rights and personal data, you can send an email to biuro@vanworld-wanicki.pl.<\/p>\t\t\t\t\t\t\t\t<\/div>\n\t\t\t\t\t<\/div>\n\t\t\t\t<\/div>\n\t\t\t\t<\/div>","protected":false},"excerpt":{"rendered":"<p>W\u0142a\u015bcicielem strony internetowej VANWORLD-Wanicki jest firma VANWORLD-Wanicki sp. z o.o., kt\u00f3ra jest administratorem Twoich danych osobowych. Niniejsza Polityka prywatno\u015bci okre\u015bla, w jaki spos\u00f3b przetwarzamy informacje gromadzone na stronie VANWORLD-Wanicki, a tak\u017ce wyja\u015bnia powody, dla kt\u00f3rych musimy gromadzi\u0107 okre\u015blone dane o u\u017cytkowniku. Dlatego przed rozpocz\u0119ciem korzystania ze strony VANWORLD-Wanicki zapoznaj si\u0119 z niniejsz\u0105 Polityk\u0105 Prywatno\u015bci. Dbamy&hellip;<\/p>","protected":false},"author":1,"featured_media":0,"parent":0,"menu_order":0,"comment_status":"closed","ping_status":"open","template":"","meta":{"footnotes":""},"class_list":["post-3","page","type-page","status-publish","hentry"],"yoast_head":"<!-- This site is optimized with the Yoast SEO plugin v26.8 - https:\/\/yoast.com\/product\/yoast-seo-wordpress\/ -->\n<title>Polityka prywatno\u015bci - Vanworld Wanicki<\/title>\n<meta name=\"robots\" content=\"index, follow, max-snippet:-1, max-image-preview:large, max-video-preview:-1\" \/>\n<link rel=\"canonical\" href=\"https:\/\/vanworld-wanicki.pl\/en\/polityka-prywatnosci\/\" \/>\n<meta property=\"og:locale\" content=\"en_GB\" \/>\n<meta property=\"og:type\" content=\"article\" \/>\n<meta property=\"og:title\" content=\"Polityka prywatno\u015bci - Vanworld Wanicki\" \/>\n<meta property=\"og:description\" content=\"W\u0142a\u015bcicielem strony internetowej VANWORLD-Wanicki jest firma VANWORLD-Wanicki sp. z o.o., kt\u00f3ra jest administratorem Twoich danych osobowych. Niniejsza Polityka prywatno\u015bci okre\u015bla, w jaki spos\u00f3b przetwarzamy informacje gromadzone na stronie VANWORLD-Wanicki, a tak\u017ce wyja\u015bnia powody, dla kt\u00f3rych musimy gromadzi\u0107 okre\u015blone dane o u\u017cytkowniku. Dlatego przed rozpocz\u0119ciem korzystania ze strony VANWORLD-Wanicki zapoznaj si\u0119 z niniejsz\u0105 Polityk\u0105 Prywatno\u015bci. Dbamy&hellip;\" \/>\n<meta property=\"og:url\" content=\"https:\/\/vanworld-wanicki.pl\/en\/polityka-prywatnosci\/\" \/>\n<meta property=\"og:site_name\" content=\"Vanworld Wanicki\" \/>\n<meta property=\"article:modified_time\" content=\"2026-01-28T22:25:34+00:00\" \/>\n<meta property=\"og:image\" content=\"https:\/\/vanworld-wanicki.pl\/wp-content\/uploads\/2026\/01\/VANWORLD-Wanicki.png\" \/>\n\t<meta property=\"og:image:width\" content=\"1200\" \/>\n\t<meta property=\"og:image:height\" content=\"630\" \/>\n\t<meta property=\"og:image:type\" content=\"image\/png\" \/>\n<meta name=\"twitter:card\" content=\"summary_large_image\" \/>\n<meta name=\"twitter:label1\" content=\"Estimated reading time\" \/>\n\t<meta name=\"twitter:data1\" content=\"5 minutes\" \/>\n<script type=\"application\/ld+json\" class=\"yoast-schema-graph\">{\"@context\":\"https:\/\/schema.org\",\"@graph\":[{\"@type\":\"WebPage\",\"@id\":\"https:\/\/vanworld-wanicki.pl\/polityka-prywatnosci\/\",\"url\":\"https:\/\/vanworld-wanicki.pl\/polityka-prywatnosci\/\",\"name\":\"Polityka prywatno\u015bci - Vanworld Wanicki\",\"isPartOf\":{\"@id\":\"https:\/\/vanworld-wanicki.pl\/#website\"},\"datePublished\":\"2026-01-27T10:10:47+00:00\",\"dateModified\":\"2026-01-28T22:25:34+00:00\",\"breadcrumb\":{\"@id\":\"https:\/\/vanworld-wanicki.pl\/polityka-prywatnosci\/#breadcrumb\"},\"inLanguage\":\"en-GB\",\"potentialAction\":[{\"@type\":\"ReadAction\",\"target\":[\"https:\/\/vanworld-wanicki.pl\/polityka-prywatnosci\/\"]}]},{\"@type\":\"BreadcrumbList\",\"@id\":\"https:\/\/vanworld-wanicki.pl\/polityka-prywatnosci\/#breadcrumb\",\"itemListElement\":[{\"@type\":\"ListItem\",\"position\":1,\"name\":\"Strona g\u0142\u00f3wna\",\"item\":\"https:\/\/vanworld-wanicki.pl\/\"},{\"@type\":\"ListItem\",\"position\":2,\"name\":\"Polityka prywatno\u015bci\"}]},{\"@type\":\"WebSite\",\"@id\":\"https:\/\/vanworld-wanicki.pl\/#website\",\"url\":\"https:\/\/vanworld-wanicki.pl\/\",\"name\":\"Vanworld Wanicki\",\"description\":\"\",\"publisher\":{\"@id\":\"https:\/\/vanworld-wanicki.pl\/#organization\"},\"potentialAction\":[{\"@type\":\"SearchAction\",\"target\":{\"@type\":\"EntryPoint\",\"urlTemplate\":\"https:\/\/vanworld-wanicki.pl\/?s={search_term_string}\"},\"query-input\":{\"@type\":\"PropertyValueSpecification\",\"valueRequired\":true,\"valueName\":\"search_term_string\"}}],\"inLanguage\":\"en-GB\"},{\"@type\":\"Organization\",\"@id\":\"https:\/\/vanworld-wanicki.pl\/#organization\",\"name\":\"Vanworld Wanicki\",\"url\":\"https:\/\/vanworld-wanicki.pl\/\",\"logo\":{\"@type\":\"ImageObject\",\"inLanguage\":\"en-GB\",\"@id\":\"https:\/\/vanworld-wanicki.pl\/#\/schema\/logo\/image\/\",\"url\":\"https:\/\/vanworld-wanicki.pl\/wp-content\/uploads\/2026\/01\/cropped-favicon.png\",\"contentUrl\":\"https:\/\/vanworld-wanicki.pl\/wp-content\/uploads\/2026\/01\/cropped-favicon.png\",\"width\":512,\"height\":512,\"caption\":\"Vanworld Wanicki\"},\"image\":{\"@id\":\"https:\/\/vanworld-wanicki.pl\/#\/schema\/logo\/image\/\"}}]}<\/script>\n<!-- \/ Yoast SEO plugin. -->","yoast_head_json":{"title":"Polityka prywatno\u015bci - Vanworld Wanicki","robots":{"index":"index","follow":"follow","max-snippet":"max-snippet:-1","max-image-preview":"max-image-preview:large","max-video-preview":"max-video-preview:-1"},"canonical":"https:\/\/vanworld-wanicki.pl\/en\/polityka-prywatnosci\/","og_locale":"en_GB","og_type":"article","og_title":"Polityka prywatno\u015bci - Vanworld Wanicki","og_description":"W\u0142a\u015bcicielem strony internetowej VANWORLD-Wanicki jest firma VANWORLD-Wanicki sp. z o.o., kt\u00f3ra jest administratorem Twoich danych osobowych. Niniejsza Polityka prywatno\u015bci okre\u015bla, w jaki spos\u00f3b przetwarzamy informacje gromadzone na stronie VANWORLD-Wanicki, a tak\u017ce wyja\u015bnia powody, dla kt\u00f3rych musimy gromadzi\u0107 okre\u015blone dane o u\u017cytkowniku. Dlatego przed rozpocz\u0119ciem korzystania ze strony VANWORLD-Wanicki zapoznaj si\u0119 z niniejsz\u0105 Polityk\u0105 Prywatno\u015bci. Dbamy&hellip;","og_url":"https:\/\/vanworld-wanicki.pl\/en\/polityka-prywatnosci\/","og_site_name":"Vanworld Wanicki","article_modified_time":"2026-01-28T22:25:34+00:00","og_image":[{"width":1200,"height":630,"url":"https:\/\/vanworld-wanicki.pl\/wp-content\/uploads\/2026\/01\/VANWORLD-Wanicki.png","type":"image\/png"}],"twitter_card":"summary_large_image","twitter_misc":{"Estimated reading time":"5 minutes"},"schema":{"@context":"https:\/\/schema.org","@graph":[{"@type":"WebPage","@id":"https:\/\/vanworld-wanicki.pl\/polityka-prywatnosci\/","url":"https:\/\/vanworld-wanicki.pl\/polityka-prywatnosci\/","name":"Polityka prywatno\u015bci - Vanworld Wanicki","isPartOf":{"@id":"https:\/\/vanworld-wanicki.pl\/#website"},"datePublished":"2026-01-27T10:10:47+00:00","dateModified":"2026-01-28T22:25:34+00:00","breadcrumb":{"@id":"https:\/\/vanworld-wanicki.pl\/polityka-prywatnosci\/#breadcrumb"},"inLanguage":"en-GB","potentialAction":[{"@type":"ReadAction","target":["https:\/\/vanworld-wanicki.pl\/polityka-prywatnosci\/"]}]},{"@type":"BreadcrumbList","@id":"https:\/\/vanworld-wanicki.pl\/polityka-prywatnosci\/#breadcrumb","itemListElement":[{"@type":"ListItem","position":1,"name":"Strona g\u0142\u00f3wna","item":"https:\/\/vanworld-wanicki.pl\/"},{"@type":"ListItem","position":2,"name":"Polityka prywatno\u015bci"}]},{"@type":"WebSite","@id":"https:\/\/vanworld-wanicki.pl\/#website","url":"https:\/\/vanworld-wanicki.pl\/","name":"Vanworld Wanicki","description":"","publisher":{"@id":"https:\/\/vanworld-wanicki.pl\/#organization"},"potentialAction":[{"@type":"SearchAction","target":{"@type":"EntryPoint","urlTemplate":"https:\/\/vanworld-wanicki.pl\/?s={search_term_string}"},"query-input":{"@type":"PropertyValueSpecification","valueRequired":true,"valueName":"search_term_string"}}],"inLanguage":"en-GB"},{"@type":"Organization","@id":"https:\/\/vanworld-wanicki.pl\/#organization","name":"Vanworld Wanicki","url":"https:\/\/vanworld-wanicki.pl\/","logo":{"@type":"ImageObject","inLanguage":"en-GB","@id":"https:\/\/vanworld-wanicki.pl\/#\/schema\/logo\/image\/","url":"https:\/\/vanworld-wanicki.pl\/wp-content\/uploads\/2026\/01\/cropped-favicon.png","contentUrl":"https:\/\/vanworld-wanicki.pl\/wp-content\/uploads\/2026\/01\/cropped-favicon.png","width":512,"height":512,"caption":"Vanworld Wanicki"},"image":{"@id":"https:\/\/vanworld-wanicki.pl\/#\/schema\/logo\/image\/"}}]}},"_links":{"self":[{"href":"https:\/\/vanworld-wanicki.pl\/en\/wp-json\/wp\/v2\/pages\/3","targetHints":{"allow":["GET"]}}],"collection":[{"href":"https:\/\/vanworld-wanicki.pl\/en\/wp-json\/wp\/v2\/pages"}],"about":[{"href":"https:\/\/vanworld-wanicki.pl\/en\/wp-json\/wp\/v2\/types\/page"}],"author":[{"embeddable":true,"href":"https:\/\/vanworld-wanicki.pl\/en\/wp-json\/wp\/v2\/users\/1"}],"replies":[{"embeddable":true,"href":"https:\/\/vanworld-wanicki.pl\/en\/wp-json\/wp\/v2\/comments?post=3"}],"version-history":[{"count":3,"href":"https:\/\/vanworld-wanicki.pl\/en\/wp-json\/wp\/v2\/pages\/3\/revisions"}],"predecessor-version":[{"id":3522,"href":"https:\/\/vanworld-wanicki.pl\/en\/wp-json\/wp\/v2\/pages\/3\/revisions\/3522"}],"wp:attachment":[{"href":"https:\/\/vanworld-wanicki.pl\/en\/wp-json\/wp\/v2\/media?parent=3"}],"curies":[{"name":"wp","href":"https:\/\/api.w.org\/{rel}","templated":true}]}}