{"id":122,"date":"2021-07-08T07:47:52","date_gmt":"2021-07-08T07:47:52","guid":{"rendered":"https:\/\/cardan.bolvosites.com\/?page_id=122"},"modified":"2026-01-27T14:59:57","modified_gmt":"2026-01-27T13:59:57","slug":"kontakt","status":"publish","type":"page","link":"https:\/\/vanworld-wanicki.pl\/en\/kontakt\/","title":{"rendered":"Contact"},"content":{"rendered":"<div data-elementor-type=\"wp-page\" data-elementor-id=\"122\" class=\"elementor elementor-122\" data-elementor-settings=\"{&quot;ha_cmc_init_switcher&quot;:&quot;no&quot;}\">\n\t\t\t\t\t\t<section class=\"elementor-section elementor-top-section elementor-element elementor-element-be3b8ce elementor-section-full_width elementor-section-height-default elementor-section-height-default\" data-id=\"be3b8ce\" data-element_type=\"section\" data-settings=\"{&quot;_ha_eqh_enable&quot;:false}\">\n\t\t\t\t\t\t<div class=\"elementor-container elementor-column-gap-no\">\n\t\t\t\t\t<div class=\"elementor-column elementor-col-100 elementor-top-column elementor-element elementor-element-cf533be\" data-id=\"cf533be\" data-element_type=\"column\">\n\t\t\t<div class=\"elementor-widget-wrap elementor-element-populated\">\n\t\t\t\t\t\t<div class=\"elementor-element elementor-element-94c638a elementor-widget elementor-widget-ucaddon_contactsection\" data-id=\"94c638a\" data-element_type=\"widget\" data-widget_type=\"ucaddon_contactsection.default\">\n\t\t\t\t<div class=\"elementor-widget-container\">\n\t\t\t\t\t\n<!-- start Contact section -->\n\n<div class=\"page-content\">\n  <div class=\"uk-section-large uk-container\">\n    <div class=\"contacts-block\">\n      <div class=\"uk-grid uk-grid-collapse\" data-uk-grid>\n        <div class=\"uk-width-1-3@m\">\n          <div class=\"sidebar\">\n            <div class=\"widjet widjet-contacts\">\n              <h4 class=\"widjet__title\">Contact<\/h4>\n              <ul class=\"contacts-list\">\n                <li class=\"contacts-list-item\">\n                  <div class=\"contacts-list-item__icon\">\n                    <img decoding=\"async\" src=\"https:\/\/vanworld-wanicki.pl\/wp-content\/uploads\/2021\/09\/pointer-map-Basic-White-19.png\" alt=\"pointer-map-Basic White-19\" \/>\n                  <\/div>\n                  <div class=\"contacts-list-item__desc\">\n                    <div class=\"contacts-list-item__label\">Addresses<\/div>\n                    <div class=\"contacts-list-item__content\">ul. Pasieki 57, 43-419 Zamarski<br>\nAleja Bukowa 56, 95-002 Glinnik<br>\nul. Katowicka 116b, 43-450 Ustro\u0144<\/div>\n                  <\/div>\n                <\/li>\n                <li class=\"contacts-list-item\">\n                  <div class=\"contacts-list-item__icon\">\n                    <img decoding=\"async\" src=\"https:\/\/vanworld-wanicki.pl\/wp-content\/uploads\/2021\/09\/Basic-White-55.png\" alt=\"Basic White-55\" \/>\n                  <\/div>\n                  <div class=\"contacts-list-item__desc\">\n                    <div class=\"contacts-list-item__label\">Przemys\u0142aw Wanicki<\/div>\n                    <div class=\"contacts-list-item__content\"><a href=\"tel:+48 518 571 661\">+48 518 571 661<\/a><\/div>\n                  <\/div>\n                <\/li>\n                <li class=\"contacts-list-item\">\n                  <div class=\"contacts-list-item__icon\">\n                    <img decoding=\"async\" src=\"https:\/\/vanworld-wanicki.pl\/wp-content\/uploads\/2021\/09\/envelop-Basic-White-45.png\" alt=\"envelop-Basic White-45\" \/>\n                  <\/div>\n                  <div class=\"contacts-list-item__desc\">\n                    <div class=\"contacts-list-item__label\">E-mail<\/div>\n                    <div class=\"contacts-list-item__content\"><a href=\"mailto:biuro@vanworld-wanicki.pl\">biuro@vanworld-wanicki.pl<\/a><\/div>\n                  <\/div>\n                <\/li>\n                <li class=\"contacts-list-item\">\n                  <div class=\"contacts-list-item__icon\">\n                    <img decoding=\"async\" src=\"https:\/\/vanworld-wanicki.pl\/wp-content\/uploads\/2021\/09\/building-Basic-White-01.png\" alt=\"building-Basic White-01\" \/>\n                  <\/div>\n                  <div class=\"contacts-list-item__desc\">\n                    <div class=\"contacts-list-item__label\"><\/div>\n                    <div class=\"contacts-list-item__content\">NIP: 5482746260 <br>\nREGON: 523084549<br>\nKRS: 0000989518<\/div>\n                  <\/div>\n                <\/li>\n              <\/ul>\n            <\/div>\n          <\/div>\n        <\/div>\n        <div class=\"uk-width-2-3@m\">\n          <div class=\"block-form\">\n            <div class=\"section-title\">\n              <div class=\"uk-h2\">Write to us<\/div>\n            <\/div>\n            <div class=\"section-content\">\n              <p>Please feel free to contact our Sales Director! We will be happy to answer all your questions.<\/p>\n              \n<div class=\"wpcf7 no-js\" id=\"wpcf7-f3113-o1\" lang=\"pl-PL\" dir=\"ltr\" data-wpcf7-id=\"3113\">\n<div class=\"screen-reader-response\"><p role=\"status\" aria-live=\"polite\" aria-atomic=\"true\"><\/p> <ul><\/ul><\/div>\n<form action=\"\/en\/wp-json\/wp\/v2\/pages\/122#wpcf7-f3113-o1\" method=\"post\" class=\"wpcf7-form init\" aria-label=\"Formularz kontaktowy\" novalidate=\"novalidate\" data-status=\"init\" data-trp-original-action=\"\/en\/wp-json\/wp\/v2\/pages\/122#wpcf7-f3113-o1\">\n<fieldset class=\"hidden-fields-container\"><input type=\"hidden\" name=\"_wpcf7\" value=\"3113\" \/><input type=\"hidden\" name=\"_wpcf7_version\" value=\"6.1.4\" \/><input type=\"hidden\" name=\"_wpcf7_locale\" value=\"pl_PL\" \/><input type=\"hidden\" name=\"_wpcf7_unit_tag\" value=\"wpcf7-f3113-o1\" \/><input type=\"hidden\" name=\"_wpcf7_container_post\" value=\"0\" \/><input type=\"hidden\" name=\"_wpcf7_posted_data_hash\" value=\"\" \/>\n<\/fieldset>\n<p><label> Your first and last name<br \/>\n<span class=\"wpcf7-form-control-wrap\" data-name=\"your-name\"><input size=\"40\" maxlength=\"400\" class=\"wpcf7-form-control wpcf7-text wpcf7-validates-as-required\" autocomplete=\"name\" aria-required=\"true\" aria-invalid=\"false\" value=\"\" type=\"text\" name=\"your-name\" \/><\/span> <\/label>\n<\/p>\n<p><label> Your email address<br \/>\n<span class=\"wpcf7-form-control-wrap\" data-name=\"your-email\"><input size=\"40\" maxlength=\"400\" class=\"wpcf7-form-control wpcf7-email wpcf7-validates-as-required wpcf7-text wpcf7-validates-as-email\" autocomplete=\"email\" aria-required=\"true\" aria-invalid=\"false\" value=\"\" type=\"email\" name=\"your-email\" \/><\/span> <\/label>\n<\/p>\n<p><label> Your message (optional)<br \/>\n<span class=\"wpcf7-form-control-wrap\" data-name=\"your-message\"><textarea cols=\"40\" rows=\"10\" maxlength=\"2000\" class=\"wpcf7-form-control wpcf7-textarea\" aria-invalid=\"false\" name=\"your-message\"><\/textarea><\/span> <\/label>\n<\/p>\n<p><input class=\"wpcf7-form-control wpcf7-submit has-spinner\" type=\"submit\" value=\"Send\" \/>\n<\/p><div class=\"wpcf7-response-output\" aria-hidden=\"true\"><\/div>\n<input type=\"hidden\" name=\"trp-form-language\" value=\"en\"\/><\/form>\n<\/div>\n\n            <\/div>\n          <\/div>\n        <\/div>\n      <\/div>\n    <\/div>\n  <\/div>\n<\/div>\n<!-- end Contact section -->\t\t\t\t<\/div>\n\t\t\t\t<\/div>\n\t\t\t\t\t<\/div>\n\t\t<\/div>\n\t\t\t\t\t<\/div>\n\t\t<\/section>\n\t\t\t\t<\/div>","protected":false},"excerpt":{"rendered":"<p>Kontakt Adresy ul. Pasieki 57, 43-419 Zamarski Aleja Bukowa 56, 95-002 Glinnik ul. Katowicka 116b, 43-450 Ustro\u0144 Przemys\u0142aw Wanicki +48 518 571 661 E-mail biuro@vanworld-wanicki.pl NIP: 5482746260 REGON: 523084549 KRS: 0000989518 Napisz do nas Zach\u0119camy do kontaktu z naszym Dyrektorem Handlowym! Z przyjemno\u015bci\u0105 odpowiemy na wszystkie pytania. Twoje imi\u0119 i nazwisko Tw\u00f3j adres e-mail Temat&hellip;<\/p>","protected":false},"author":1,"featured_media":3029,"parent":0,"menu_order":0,"comment_status":"closed","ping_status":"closed","template":"page-templates\/full_width.php","meta":{"footnotes":""},"class_list":["post-122","page","type-page","status-publish","has-post-thumbnail","hentry"],"yoast_head":"<!-- This site is optimized with the Yoast SEO plugin v26.8 - https:\/\/yoast.com\/product\/yoast-seo-wordpress\/ -->\n<title>Kontakt - Vanworld Wanicki<\/title>\n<meta name=\"robots\" content=\"index, follow, max-snippet:-1, max-image-preview:large, max-video-preview:-1\" \/>\n<link rel=\"canonical\" href=\"https:\/\/vanworld-wanicki.pl\/en\/kontakt\/\" \/>\n<meta property=\"og:locale\" content=\"en_GB\" \/>\n<meta property=\"og:type\" content=\"article\" \/>\n<meta property=\"og:title\" content=\"Kontakt - Vanworld Wanicki\" \/>\n<meta property=\"og:description\" content=\"Kontakt Adresy ul. Pasieki 57, 43-419 Zamarski Aleja Bukowa 56, 95-002 Glinnik ul. Katowicka 116b, 43-450 Ustro\u0144 Przemys\u0142aw Wanicki +48 518 571 661 E-mail biuro@vanworld-wanicki.pl NIP: 5482746260 REGON: 523084549 KRS: 0000989518 Napisz do nas Zach\u0119camy do kontaktu z naszym Dyrektorem Handlowym! Z przyjemno\u015bci\u0105 odpowiemy na wszystkie pytania. Twoje imi\u0119 i nazwisko Tw\u00f3j adres e-mail Temat&hellip;\" \/>\n<meta property=\"og:url\" content=\"https:\/\/vanworld-wanicki.pl\/en\/kontakt\/\" \/>\n<meta property=\"og:site_name\" content=\"Vanworld Wanicki\" \/>\n<meta property=\"article:modified_time\" content=\"2026-01-27T13:59:57+00:00\" \/>\n<meta property=\"og:image\" content=\"https:\/\/vanworld-wanicki.pl\/wp-content\/uploads\/2026\/01\/zbudowa-brygadowa4.jpg\" \/>\n\t<meta property=\"og:image:width\" content=\"1600\" \/>\n\t<meta property=\"og:image:height\" content=\"1200\" \/>\n\t<meta property=\"og:image:type\" content=\"image\/jpeg\" \/>\n<meta name=\"twitter:card\" content=\"summary_large_image\" \/>\n<meta name=\"twitter:label1\" content=\"Estimated reading time\" \/>\n\t<meta name=\"twitter:data1\" content=\"2 minutes\" \/>\n<script type=\"application\/ld+json\" class=\"yoast-schema-graph\">{\"@context\":\"https:\/\/schema.org\",\"@graph\":[{\"@type\":\"WebPage\",\"@id\":\"https:\/\/vanworld-wanicki.pl\/kontakt\/\",\"url\":\"https:\/\/vanworld-wanicki.pl\/kontakt\/\",\"name\":\"Kontakt - Vanworld Wanicki\",\"isPartOf\":{\"@id\":\"https:\/\/vanworld-wanicki.pl\/#website\"},\"primaryImageOfPage\":{\"@id\":\"https:\/\/vanworld-wanicki.pl\/kontakt\/#primaryimage\"},\"image\":{\"@id\":\"https:\/\/vanworld-wanicki.pl\/kontakt\/#primaryimage\"},\"thumbnailUrl\":\"https:\/\/vanworld-wanicki.pl\/wp-content\/uploads\/2026\/01\/zbudowa-brygadowa4.jpg\",\"datePublished\":\"2021-07-08T07:47:52+00:00\",\"dateModified\":\"2026-01-27T13:59:57+00:00\",\"breadcrumb\":{\"@id\":\"https:\/\/vanworld-wanicki.pl\/kontakt\/#breadcrumb\"},\"inLanguage\":\"en-GB\",\"potentialAction\":[{\"@type\":\"ReadAction\",\"target\":[\"https:\/\/vanworld-wanicki.pl\/kontakt\/\"]}]},{\"@type\":\"ImageObject\",\"inLanguage\":\"en-GB\",\"@id\":\"https:\/\/vanworld-wanicki.pl\/kontakt\/#primaryimage\",\"url\":\"https:\/\/vanworld-wanicki.pl\/wp-content\/uploads\/2026\/01\/zbudowa-brygadowa4.jpg\",\"contentUrl\":\"https:\/\/vanworld-wanicki.pl\/wp-content\/uploads\/2026\/01\/zbudowa-brygadowa4.jpg\",\"width\":1600,\"height\":1200},{\"@type\":\"BreadcrumbList\",\"@id\":\"https:\/\/vanworld-wanicki.pl\/kontakt\/#breadcrumb\",\"itemListElement\":[{\"@type\":\"ListItem\",\"position\":1,\"name\":\"Strona g\u0142\u00f3wna\",\"item\":\"https:\/\/vanworld-wanicki.pl\/\"},{\"@type\":\"ListItem\",\"position\":2,\"name\":\"Kontakt\"}]},{\"@type\":\"WebSite\",\"@id\":\"https:\/\/vanworld-wanicki.pl\/#website\",\"url\":\"https:\/\/vanworld-wanicki.pl\/\",\"name\":\"Vanworld Wanicki\",\"description\":\"\",\"publisher\":{\"@id\":\"https:\/\/vanworld-wanicki.pl\/#organization\"},\"potentialAction\":[{\"@type\":\"SearchAction\",\"target\":{\"@type\":\"EntryPoint\",\"urlTemplate\":\"https:\/\/vanworld-wanicki.pl\/?s={search_term_string}\"},\"query-input\":{\"@type\":\"PropertyValueSpecification\",\"valueRequired\":true,\"valueName\":\"search_term_string\"}}],\"inLanguage\":\"en-GB\"},{\"@type\":\"Organization\",\"@id\":\"https:\/\/vanworld-wanicki.pl\/#organization\",\"name\":\"Vanworld Wanicki\",\"url\":\"https:\/\/vanworld-wanicki.pl\/\",\"logo\":{\"@type\":\"ImageObject\",\"inLanguage\":\"en-GB\",\"@id\":\"https:\/\/vanworld-wanicki.pl\/#\/schema\/logo\/image\/\",\"url\":\"https:\/\/vanworld-wanicki.pl\/wp-content\/uploads\/2026\/01\/cropped-favicon.png\",\"contentUrl\":\"https:\/\/vanworld-wanicki.pl\/wp-content\/uploads\/2026\/01\/cropped-favicon.png\",\"width\":512,\"height\":512,\"caption\":\"Vanworld Wanicki\"},\"image\":{\"@id\":\"https:\/\/vanworld-wanicki.pl\/#\/schema\/logo\/image\/\"}}]}<\/script>\n<!-- \/ Yoast SEO plugin. -->","yoast_head_json":{"title":"Kontakt - Vanworld Wanicki","robots":{"index":"index","follow":"follow","max-snippet":"max-snippet:-1","max-image-preview":"max-image-preview:large","max-video-preview":"max-video-preview:-1"},"canonical":"https:\/\/vanworld-wanicki.pl\/en\/kontakt\/","og_locale":"en_GB","og_type":"article","og_title":"Kontakt - Vanworld Wanicki","og_description":"Kontakt Adresy ul. Pasieki 57, 43-419 Zamarski Aleja Bukowa 56, 95-002 Glinnik ul. Katowicka 116b, 43-450 Ustro\u0144 Przemys\u0142aw Wanicki +48 518 571 661 E-mail biuro@vanworld-wanicki.pl NIP: 5482746260 REGON: 523084549 KRS: 0000989518 Napisz do nas Zach\u0119camy do kontaktu z naszym Dyrektorem Handlowym! Z przyjemno\u015bci\u0105 odpowiemy na wszystkie pytania. Twoje imi\u0119 i nazwisko Tw\u00f3j adres e-mail Temat&hellip;","og_url":"https:\/\/vanworld-wanicki.pl\/en\/kontakt\/","og_site_name":"Vanworld Wanicki","article_modified_time":"2026-01-27T13:59:57+00:00","og_image":[{"width":1600,"height":1200,"url":"https:\/\/vanworld-wanicki.pl\/wp-content\/uploads\/2026\/01\/zbudowa-brygadowa4.jpg","type":"image\/jpeg"}],"twitter_card":"summary_large_image","twitter_misc":{"Estimated reading time":"2 minutes"},"schema":{"@context":"https:\/\/schema.org","@graph":[{"@type":"WebPage","@id":"https:\/\/vanworld-wanicki.pl\/kontakt\/","url":"https:\/\/vanworld-wanicki.pl\/kontakt\/","name":"Kontakt - Vanworld Wanicki","isPartOf":{"@id":"https:\/\/vanworld-wanicki.pl\/#website"},"primaryImageOfPage":{"@id":"https:\/\/vanworld-wanicki.pl\/kontakt\/#primaryimage"},"image":{"@id":"https:\/\/vanworld-wanicki.pl\/kontakt\/#primaryimage"},"thumbnailUrl":"https:\/\/vanworld-wanicki.pl\/wp-content\/uploads\/2026\/01\/zbudowa-brygadowa4.jpg","datePublished":"2021-07-08T07:47:52+00:00","dateModified":"2026-01-27T13:59:57+00:00","breadcrumb":{"@id":"https:\/\/vanworld-wanicki.pl\/kontakt\/#breadcrumb"},"inLanguage":"en-GB","potentialAction":[{"@type":"ReadAction","target":["https:\/\/vanworld-wanicki.pl\/kontakt\/"]}]},{"@type":"ImageObject","inLanguage":"en-GB","@id":"https:\/\/vanworld-wanicki.pl\/kontakt\/#primaryimage","url":"https:\/\/vanworld-wanicki.pl\/wp-content\/uploads\/2026\/01\/zbudowa-brygadowa4.jpg","contentUrl":"https:\/\/vanworld-wanicki.pl\/wp-content\/uploads\/2026\/01\/zbudowa-brygadowa4.jpg","width":1600,"height":1200},{"@type":"BreadcrumbList","@id":"https:\/\/vanworld-wanicki.pl\/kontakt\/#breadcrumb","itemListElement":[{"@type":"ListItem","position":1,"name":"Strona g\u0142\u00f3wna","item":"https:\/\/vanworld-wanicki.pl\/"},{"@type":"ListItem","position":2,"name":"Kontakt"}]},{"@type":"WebSite","@id":"https:\/\/vanworld-wanicki.pl\/#website","url":"https:\/\/vanworld-wanicki.pl\/","name":"Vanworld Wanicki","description":"","publisher":{"@id":"https:\/\/vanworld-wanicki.pl\/#organization"},"potentialAction":[{"@type":"SearchAction","target":{"@type":"EntryPoint","urlTemplate":"https:\/\/vanworld-wanicki.pl\/?s={search_term_string}"},"query-input":{"@type":"PropertyValueSpecification","valueRequired":true,"valueName":"search_term_string"}}],"inLanguage":"en-GB"},{"@type":"Organization","@id":"https:\/\/vanworld-wanicki.pl\/#organization","name":"Vanworld Wanicki","url":"https:\/\/vanworld-wanicki.pl\/","logo":{"@type":"ImageObject","inLanguage":"en-GB","@id":"https:\/\/vanworld-wanicki.pl\/#\/schema\/logo\/image\/","url":"https:\/\/vanworld-wanicki.pl\/wp-content\/uploads\/2026\/01\/cropped-favicon.png","contentUrl":"https:\/\/vanworld-wanicki.pl\/wp-content\/uploads\/2026\/01\/cropped-favicon.png","width":512,"height":512,"caption":"Vanworld Wanicki"},"image":{"@id":"https:\/\/vanworld-wanicki.pl\/#\/schema\/logo\/image\/"}}]}},"_links":{"self":[{"href":"https:\/\/vanworld-wanicki.pl\/en\/wp-json\/wp\/v2\/pages\/122","targetHints":{"allow":["GET"]}}],"collection":[{"href":"https:\/\/vanworld-wanicki.pl\/en\/wp-json\/wp\/v2\/pages"}],"about":[{"href":"https:\/\/vanworld-wanicki.pl\/en\/wp-json\/wp\/v2\/types\/page"}],"author":[{"embeddable":true,"href":"https:\/\/vanworld-wanicki.pl\/en\/wp-json\/wp\/v2\/users\/1"}],"replies":[{"embeddable":true,"href":"https:\/\/vanworld-wanicki.pl\/en\/wp-json\/wp\/v2\/comments?post=122"}],"version-history":[{"count":11,"href":"https:\/\/vanworld-wanicki.pl\/en\/wp-json\/wp\/v2\/pages\/122\/revisions"}],"predecessor-version":[{"id":3121,"href":"https:\/\/vanworld-wanicki.pl\/en\/wp-json\/wp\/v2\/pages\/122\/revisions\/3121"}],"wp:featuredmedia":[{"embeddable":true,"href":"https:\/\/vanworld-wanicki.pl\/en\/wp-json\/wp\/v2\/media\/3029"}],"wp:attachment":[{"href":"https:\/\/vanworld-wanicki.pl\/en\/wp-json\/wp\/v2\/media?parent=122"}],"curies":[{"name":"wp","href":"https:\/\/api.w.org\/{rel}","templated":true}]}}